{"id":109,"date":"2023-05-26T10:41:45","date_gmt":"2023-05-26T10:41:45","guid":{"rendered":"https:\/\/espanole.ch\/?page_id=109"},"modified":"2026-04-16T05:41:47","modified_gmt":"2026-04-16T05:41:47","slug":"programm","status":"publish","type":"page","link":"https:\/\/espanole.ch\/es\/programm\/","title":{"rendered":"Programm 2026"},"content":{"rendered":"<h2 class=\"wp-block-heading has-text-align-center\">Actuaciones musicales<\/h2>\n\n\n\n<h2 class=\"wp-block-heading has-text-align-center has-vivid-red-color has-text-color has-link-color has-x-large-font-size wp-elements-71f7faa8451d564edc9fb99798f126e9\"><strong><em>Steht noch nicht fest<\/em><\/strong><\/h2>\n\n\n\n<div style=\"height:27px\" aria-hidden=\"true\" class=\"wp-block-spacer\"><\/div>\n\n\n\n<h2 class=\"wp-block-heading has-text-align-center\">Rinc\u00f3n infantil<\/h2>\n\n\n\n<h2 class=\"wp-block-heading has-text-align-center has-vivid-red-color has-text-color has-link-color has-x-large-font-size wp-elements-71f7faa8451d564edc9fb99798f126e9\"><strong><em>Steht noch nicht fest<\/em><\/strong><\/h2>\n\n\n\n<div style=\"height:33px\" aria-hidden=\"true\" class=\"wp-block-spacer\"><\/div>\n\n\n\n<h2 class=\"wp-block-heading has-text-align-center has-vivid-red-color has-text-color has-link-color wp-elements-b3d19987602fd5eea2dcd5af9664def0\"><strong>Samstag, 06.06.2026<\/strong><\/h2>\n\n\n\n<h2 class=\"wp-block-heading has-text-align-center\"><strong>Spanische Essens- und <em>Getr\u00e4nke <\/em>St\u00e4nde rund um die Uhr<\/strong><\/h2>\n\n\n\n<h2 class=\"wp-block-heading has-text-align-center\"><strong><em>3. Tapas Wettbewerb in der Schweiz<\/em><\/strong><\/h2>\n\n\n\n<figure class=\"wp-block-table is-style-stripes\"><table><tbody><tr><td class=\"has-text-align-center\" data-align=\"center\"><strong>14:00<\/strong><\/td><td><strong>Vorbereitung des Arbeitsplatzes<\/strong><\/td><\/tr><tr><td class=\"has-text-align-center\" data-align=\"center\"><strong>15:30<\/strong><\/td><td><strong>Start des Vorstellung der Teilnehmer<\/strong><\/td><\/tr><tr><td class=\"has-text-align-center\" data-align=\"center\"><strong>16:00 <\/strong><\/td><td><strong>Start des Wettbewerbs<\/strong><\/td><\/tr><tr><td class=\"has-text-align-center\" data-align=\"center\"><strong>17.30 <\/strong><\/td><td><strong>\u00dcbergabe der Tapas an die Jury<\/strong><\/td><\/tr><tr><td class=\"has-text-align-center\" data-align=\"center\"><strong>18:00<\/strong><\/td><td><strong>Preisverleihung<\/strong><\/td><\/tr><\/tbody><\/table><\/figure>\n\n\n\n<h2 class=\"wp-block-heading has-text-align-center\"><strong><mark style=\"background-color:rgba(0, 0, 0, 0)\" class=\"has-inline-color has-black-color\"><em>Estrella Galicia Experience<\/em><\/mark><\/strong><\/h2>\n\n\n\n<blockquote class=\"wp-block-quote is-layout-flow wp-block-quote-is-layout-flow\">\n<p><\/p>\n<\/blockquote>\n\n\n\n<figure class=\"wp-block-table is-style-stripes\"><table><tbody><tr><td class=\"has-text-align-center\" data-align=\"center\"><strong>13:00<\/strong><\/td><td><strong>Verkostung von Estrella Galicia 1906 (20 Min)<\/strong><\/td><\/tr><tr><td class=\"has-text-align-center\" data-align=\"center\"><strong>13:20<\/strong><\/td><td><strong> Bierzapfen (15 Min)<\/strong><\/td><\/tr><tr><td class=\"has-text-align-center\" data-align=\"center\"><strong>16:00<\/strong><\/td><td><strong>Bierreise (Auf Englisch) (25 Min)<\/strong><\/td><\/tr><tr><td class=\"has-text-align-center\" data-align=\"center\"><strong>16:25<\/strong><\/td><td><strong>Bierzapfen (15 Min)<\/strong><\/td><\/tr><tr><td class=\"has-text-align-center\" data-align=\"center\"><strong>18:00<\/strong><\/td><td><strong>Verkostung von Estrella Galicia 1906 (20 Min)<\/strong><\/td><\/tr><tr><td class=\"has-text-align-center\" data-align=\"center\"><strong>18:20<\/strong><\/td><td><strong>Bierzapfen (15 Min)<\/strong><\/td><\/tr><tr><td class=\"has-text-align-center\" data-align=\"center\"><strong>21:00<\/strong><\/td><td><strong> Bierzapfen (15 Min)<\/strong><\/td><\/tr><\/tbody><\/table><\/figure>\n\n\n\n<h2 class=\"wp-block-heading has-text-align-center\"><strong><em>M\u00fasica en vivo, shows, flamenco y mucho m\u00e1s<\/em><\/strong><\/h2>\n\n\n\n<figure class=\"wp-block-table is-style-stripes\"><table><tbody><tr><td class=\"has-text-align-center\" data-align=\"center\"><strong>15:00 &#8211; 15:15<\/strong><\/td><td><strong><strong> <\/strong><\/strong><\/td><\/tr><tr><td class=\"has-text-align-center\" data-align=\"center\"><strong>16:00 &#8211; 16:45<\/strong><\/td><td><\/td><\/tr><tr><td class=\"has-text-align-center\" data-align=\"center\"><strong>17:30 &#8211; 18:00<\/strong><\/td><td><strong>Hermanos Lopez Flamenco Ensemble<\/strong><\/td><\/tr><tr><td class=\"has-text-align-center\" data-align=\"center\"><strong>19:00 &#8211; 20:30<\/strong><\/td><td><\/td><\/tr><tr><td class=\"has-text-align-center\" data-align=\"center\"><strong>20:30 &#8211; 21:00 <\/strong><\/td><td><\/td><\/tr><tr><td class=\"has-text-align-center\" data-align=\"center\"><strong>21:15 &#8211; 22:00<\/strong><\/td><td><strong>DJ S.L.Z.R<\/strong><\/td><\/tr><\/tbody><\/table><\/figure>\n\n\n\n<div style=\"height:33px\" aria-hidden=\"true\" class=\"wp-block-spacer\"><\/div>\n\n\n\n<h2 class=\"wp-block-heading has-text-align-center has-vivid-red-color has-text-color has-link-color wp-elements-95ff3e8180979c59858c12820285c28a\"><strong>Sonntag, 07.06.2026<\/strong><\/h2>\n\n\n\n<h2 class=\"wp-block-heading has-text-align-center\"><strong>Stands especializados en comidas y bebidas espa\u00f1olas<\/strong><\/h2>\n\n\n\n<h2 class=\"wp-block-heading has-text-align-center\"><strong><em>4. Paella Wettbewerb in der Schweiz<\/em><\/strong><\/h2>\n\n\n\n<figure class=\"wp-block-table is-style-stripes\"><table><tbody><tr><td class=\"has-text-align-center\" data-align=\"center\"><strong>12:15<\/strong><\/td><td><strong>Vorstellung der Teilnehmer<\/strong><\/td><\/tr><tr><td class=\"has-text-align-center\" data-align=\"center\"><strong>13:00<\/strong><\/td><td><strong>Start des Wettbewerbs<\/strong><\/td><\/tr><tr><td class=\"has-text-align-center\" data-align=\"center\"><strong>15.00<\/strong><\/td><td><strong>\u00dcbergabe der Paellas an die Jury<\/strong><\/td><\/tr><tr><td class=\"has-text-align-center\" data-align=\"center\"><strong>17:00<\/strong><\/td><td><strong>Preisverleihung<\/strong><\/td><\/tr><\/tbody><\/table><\/figure>\n\n\n\n<h2 class=\"wp-block-heading has-text-align-center\"><strong><mark style=\"background-color:#ffffff\" class=\"has-inline-color\"><em>Estrella Galicia Experience<\/em><\/mark><\/strong><\/h2>\n\n\n\n<figure class=\"wp-block-table is-style-stripes\"><table><tbody><tr><td class=\"has-text-align-center\" data-align=\"center\"><strong>13:00<\/strong><\/td><td><strong>Verkostung von Estrella Galicia 1906 (20 Min)<\/strong><\/td><\/tr><tr><td class=\"has-text-align-center\" data-align=\"center\"><strong>13:20<\/strong><\/td><td><strong> Bierzapfen (15 Min)<\/strong><\/td><\/tr><tr><td class=\"has-text-align-center\" data-align=\"center\"><strong>15:00<\/strong><\/td><td><strong>Bierreise (Auf Englisch) (25 Min)<\/strong><\/td><\/tr><tr><td class=\"has-text-align-center\" data-align=\"center\"><strong>15:25<\/strong><\/td><td><strong>Bierzapfen (15 Min)<\/strong><\/td><\/tr><tr><td class=\"has-text-align-center\" data-align=\"center\"><strong>17:00<\/strong><\/td><td><strong>Verkostung von Estrella Galicia 1906 (20 Min)<\/strong><\/td><\/tr><tr><td class=\"has-text-align-center\" data-align=\"center\"><strong>17:20<\/strong><\/td><td><strong>Bierzapfen (15 Min)<\/strong><\/td><\/tr><tr><td class=\"has-text-align-center\" data-align=\"center\"><strong>19:00<\/strong><\/td><td><strong> Bierzapfen (15 Min)<\/strong><\/td><\/tr><\/tbody><\/table><\/figure>\n\n\n\n<h2 class=\"wp-block-heading has-text-align-center\"><strong><em>M\u00fasica en vivo, shows, flamenco y mucho m\u00e1s<\/em><\/strong><\/h2>\n\n\n\n<figure class=\"wp-block-table is-style-stripes\"><table><tbody><tr><td class=\"has-text-align-center\" data-align=\"center\"><strong>11:00 &#8211; 12:00 <\/strong><\/td><td><\/td><\/tr><tr><td class=\"has-text-align-center\" data-align=\"center\"><strong>13:30 &#8211; 14:15 <\/strong><\/td><td><\/td><\/tr><tr><td class=\"has-text-align-center\" data-align=\"center\"><strong>14:30 &#8211; 14:45<\/strong><\/td><td><\/td><\/tr><tr><td class=\"has-text-align-center\" data-align=\"center\"><strong>15:00 &#8211; 15:30<\/strong><\/td><td><strong>As Xeitosi\u00f1as<\/strong><\/td><\/tr><tr><td class=\"has-text-align-center\" data-align=\"center\"><strong>16:00 &#8211; 16:45<\/strong><\/td><td><\/td><\/tr><tr><td class=\"has-text-align-center\" data-align=\"center\"><strong>17:30 &#8211; 18:00<\/strong><\/td><td><\/td><\/tr><tr><td class=\"has-text-align-center\" data-align=\"center\"><strong>18:00 &#8211; 19:00<\/strong><\/td><td><\/td><\/tr><tr><td class=\"has-text-align-center\" data-align=\"center\"><strong>19:00 &#8211; 20:00<\/strong><\/td><td><strong>DJ S.L.Z.R<\/strong><\/td><\/tr><\/tbody><\/table><\/figure>\n\n\n\n<p><\/p>","protected":false},"excerpt":{"rendered":"<p>Musikalische Auff\u00fchrungen Steht noch nicht fest Kinderspielecke Steht noch nicht fest Samstag, 06.06.2026 Spanische Essens- und Getr\u00e4nke St\u00e4nde rund um die Uhr 3. Tapas Wettbewerb in der Schweiz 14:00 Vorbereitung des Arbeitsplatzes 15:30 Start des Vorstellung der Teilnehmer 16:00 Start des Wettbewerbs 17.30 \u00dcbergabe der Tapas an die Jury 18:00 Preisverleihung Estrella Galicia Experience 13:00 Verkostung von Estrella Galicia 1906 (20 Min) 13:20 Bierzapfen (15 Min) 16:00 Bierreise (Auf Englisch) (25 Min) 16:25 Bierzapfen (15 Min) 18:00 Verkostung von Estrella Galicia 1906 (20 Min) 18:20 Bierzapfen (15 Min) 21:00 Bierzapfen (15 Min) Live Musik, Acts, Flamenco Tanz-Shows und vieles mehr 15:00 &#8211; 15:15 16:00 &#8211; 16:45 17:30 &#8211; 18:00 Hermanos Lopez Flamenco Ensemble 19:00 &#8211; 20:30 20:30 &#8211; 21:00 21:15 &#8211; 22:00 DJ S.L.Z.R Sonntag, 07.06.2026 Spanische Essens- und Getr\u00e4nke St\u00e4nde rund um die Uhr 4. Paella Wettbewerb in der Schweiz 12:15 Vorstellung der Teilnehmer 13:00 Start des Wettbewerbs 15.00 \u00dcbergabe der Paellas an die Jury 17:00 Preisverleihung Estrella Galicia Experience 13:00 Verkostung von Estrella Galicia 1906 (20 Min) 13:20 Bierzapfen (15 Min) 15:00 Bierreise (Auf Englisch) (25 Min) 15:25 Bierzapfen (15 Min) 17:00 Verkostung von Estrella Galicia 1906 (20 Min) 17:20 Bierzapfen (15 Min) 19:00 Bierzapfen (15 Min) Live Musik, Acts, Flamenco Tanz-Shows und vieles mehr 11:00 &#8211; 12:00 13:30 &#8211; 14:15 14:30 &#8211; 14:45 15:00 &#8211; 15:30 As Xeitosi\u00f1as 16:00 &#8211; 16:45 17:30 &#8211; 18:00 18:00 &#8211; 19:00 19:00 &#8211; 20:00 DJ S.L.Z.R<\/p>","protected":false},"author":1,"featured_media":0,"parent":0,"menu_order":0,"comment_status":"closed","ping_status":"closed","template":"","meta":{"footnotes":""},"folder":[],"class_list":["post-109","page","type-page","status-publish","hentry"],"yoast_head":"<!-- This site is optimized with the Yoast SEO plugin v27.4 - https:\/\/yoast.com\/product\/yoast-seo-wordpress\/ -->\n<title>Programm 2026 - Espa\u00f1Ol\u00e9<\/title>\n<meta name=\"description\" content=\"Agenda - Espanole. Kulturelle Darbietungen Espanole Z\u00fcrich. Festival - Welttag der Tapas in Z\u00fcrich. Flamenco mit Flamenquitas, Hermanos Lopez und Isabel Amaya. Am Sonntag freuen wir uns auf As Xeitosi\u00f1as, die bekannteste Gruppe von Gaitas, bei uns zu haben.\" \/>\n<meta name=\"robots\" content=\"index, follow, max-snippet:-1, max-image-preview:large, max-video-preview:-1\" \/>\n<link rel=\"canonical\" href=\"https:\/\/espanole.ch\/es\/programm\/\" \/>\n<meta property=\"og:locale\" content=\"es_ES\" \/>\n<meta property=\"og:type\" content=\"article\" \/>\n<meta property=\"og:title\" content=\"Programm 2026 - Espa\u00f1Ol\u00e9\" \/>\n<meta property=\"og:description\" content=\"Agenda - Espanole. Kulturelle Darbietungen Espanole Z\u00fcrich. Festival - Welttag der Tapas in Z\u00fcrich. Flamenco mit Flamenquitas, Hermanos Lopez und Isabel Amaya. Am Sonntag freuen wir uns auf As Xeitosi\u00f1as, die bekannteste Gruppe von Gaitas, bei uns zu haben.\" \/>\n<meta property=\"og:url\" content=\"https:\/\/espanole.ch\/es\/programm\/\" \/>\n<meta property=\"og:site_name\" content=\"Espa\u00f1Ol\u00e9\" \/>\n<meta property=\"article:publisher\" content=\"https:\/\/www.facebook.com\/espanolefestival\" \/>\n<meta property=\"article:modified_time\" content=\"2026-04-16T05:41:47+00:00\" \/>\n<meta name=\"twitter:card\" content=\"summary_large_image\" \/>\n<meta name=\"twitter:label1\" content=\"Tiempo de lectura\" \/>\n\t<meta name=\"twitter:data1\" content=\"2 minutos\" \/>\n<script type=\"application\/ld+json\" class=\"yoast-schema-graph\">{\"@context\":\"https:\\\/\\\/schema.org\",\"@graph\":[{\"@type\":\"WebPage\",\"@id\":\"https:\\\/\\\/espanole.ch\\\/programm\\\/\",\"url\":\"https:\\\/\\\/espanole.ch\\\/programm\\\/\",\"name\":\"Programm 2026 - Espa\u00f1Ol\u00e9\",\"isPartOf\":{\"@id\":\"https:\\\/\\\/espanole.ch\\\/#website\"},\"datePublished\":\"2023-05-26T10:41:45+00:00\",\"dateModified\":\"2026-04-16T05:41:47+00:00\",\"description\":\"Agenda - Espanole. Kulturelle Darbietungen Espanole Z\u00fcrich. Festival - Welttag der Tapas in Z\u00fcrich. Flamenco mit Flamenquitas, Hermanos Lopez und Isabel Amaya. Am Sonntag freuen wir uns auf As Xeitosi\u00f1as, die bekannteste Gruppe von Gaitas, bei uns zu haben.\",\"breadcrumb\":{\"@id\":\"https:\\\/\\\/espanole.ch\\\/programm\\\/#breadcrumb\"},\"inLanguage\":\"es\",\"potentialAction\":[{\"@type\":\"ReadAction\",\"target\":[\"https:\\\/\\\/espanole.ch\\\/programm\\\/\"]}]},{\"@type\":\"BreadcrumbList\",\"@id\":\"https:\\\/\\\/espanole.ch\\\/programm\\\/#breadcrumb\",\"itemListElement\":[{\"@type\":\"ListItem\",\"position\":1,\"name\":\"Startseite\",\"item\":\"https:\\\/\\\/espanole.ch\\\/\"},{\"@type\":\"ListItem\",\"position\":2,\"name\":\"Programm 2026\"}]},{\"@type\":\"WebSite\",\"@id\":\"https:\\\/\\\/espanole.ch\\\/#website\",\"url\":\"https:\\\/\\\/espanole.ch\\\/\",\"name\":\"Espa\u00f1Ol\u00e9\",\"description\":\"Welt-Tapas-Tag\",\"publisher\":{\"@id\":\"https:\\\/\\\/espanole.ch\\\/#organization\"},\"potentialAction\":[{\"@type\":\"SearchAction\",\"target\":{\"@type\":\"EntryPoint\",\"urlTemplate\":\"https:\\\/\\\/espanole.ch\\\/?s={search_term_string}\"},\"query-input\":{\"@type\":\"PropertyValueSpecification\",\"valueRequired\":true,\"valueName\":\"search_term_string\"}}],\"inLanguage\":\"es\"},{\"@type\":\"Organization\",\"@id\":\"https:\\\/\\\/espanole.ch\\\/#organization\",\"name\":\"Espa\u00f1Ol\u00e9\",\"url\":\"https:\\\/\\\/espanole.ch\\\/\",\"logo\":{\"@type\":\"ImageObject\",\"inLanguage\":\"es\",\"@id\":\"https:\\\/\\\/espanole.ch\\\/#\\\/schema\\\/logo\\\/image\\\/\",\"url\":\"https:\\\/\\\/espanole.ch\\\/wp-content\\\/uploads\\\/2026\\\/04\\\/EspanOle_Logo-scaled.jpg\",\"contentUrl\":\"https:\\\/\\\/espanole.ch\\\/wp-content\\\/uploads\\\/2026\\\/04\\\/EspanOle_Logo-scaled.jpg\",\"width\":2560,\"height\":1810,\"caption\":\"Espa\u00f1Ol\u00e9\"},\"image\":{\"@id\":\"https:\\\/\\\/espanole.ch\\\/#\\\/schema\\\/logo\\\/image\\\/\"},\"sameAs\":[\"https:\\\/\\\/www.facebook.com\\\/espanolefestival\",\"https:\\\/\\\/www.instagram.com\\\/espanolefestival\\\/\"]}]}<\/script>\n<!-- \/ Yoast SEO plugin. -->","yoast_head_json":{"title":"Programm 2026 - Espa\u00f1Ol\u00e9","description":"Agenda - Espanole. Kulturelle Darbietungen Espanole Z\u00fcrich. Festival - Welttag der Tapas in Z\u00fcrich. Flamenco mit Flamenquitas, Hermanos Lopez und Isabel Amaya. Am Sonntag freuen wir uns auf As Xeitosi\u00f1as, die bekannteste Gruppe von Gaitas, bei uns zu haben.","robots":{"index":"index","follow":"follow","max-snippet":"max-snippet:-1","max-image-preview":"max-image-preview:large","max-video-preview":"max-video-preview:-1"},"canonical":"https:\/\/espanole.ch\/es\/programm\/","og_locale":"es_ES","og_type":"article","og_title":"Programm 2026 - Espa\u00f1Ol\u00e9","og_description":"Agenda - Espanole. Kulturelle Darbietungen Espanole Z\u00fcrich. Festival - Welttag der Tapas in Z\u00fcrich. Flamenco mit Flamenquitas, Hermanos Lopez und Isabel Amaya. Am Sonntag freuen wir uns auf As Xeitosi\u00f1as, die bekannteste Gruppe von Gaitas, bei uns zu haben.","og_url":"https:\/\/espanole.ch\/es\/programm\/","og_site_name":"Espa\u00f1Ol\u00e9","article_publisher":"https:\/\/www.facebook.com\/espanolefestival","article_modified_time":"2026-04-16T05:41:47+00:00","twitter_card":"summary_large_image","twitter_misc":{"Tiempo de lectura":"2 minutos"},"schema":{"@context":"https:\/\/schema.org","@graph":[{"@type":"WebPage","@id":"https:\/\/espanole.ch\/programm\/","url":"https:\/\/espanole.ch\/programm\/","name":"Programm 2026 - Espa\u00f1Ol\u00e9","isPartOf":{"@id":"https:\/\/espanole.ch\/#website"},"datePublished":"2023-05-26T10:41:45+00:00","dateModified":"2026-04-16T05:41:47+00:00","description":"Agenda - Espanole. Kulturelle Darbietungen Espanole Z\u00fcrich. Festival - Welttag der Tapas in Z\u00fcrich. Flamenco mit Flamenquitas, Hermanos Lopez und Isabel Amaya. Am Sonntag freuen wir uns auf As Xeitosi\u00f1as, die bekannteste Gruppe von Gaitas, bei uns zu haben.","breadcrumb":{"@id":"https:\/\/espanole.ch\/programm\/#breadcrumb"},"inLanguage":"es","potentialAction":[{"@type":"ReadAction","target":["https:\/\/espanole.ch\/programm\/"]}]},{"@type":"BreadcrumbList","@id":"https:\/\/espanole.ch\/programm\/#breadcrumb","itemListElement":[{"@type":"ListItem","position":1,"name":"Startseite","item":"https:\/\/espanole.ch\/"},{"@type":"ListItem","position":2,"name":"Programm 2026"}]},{"@type":"WebSite","@id":"https:\/\/espanole.ch\/#website","url":"https:\/\/espanole.ch\/","name":"Espa\u00f1Ol\u00e9","description":"D\u00eda Mundial de la Tapa","publisher":{"@id":"https:\/\/espanole.ch\/#organization"},"potentialAction":[{"@type":"SearchAction","target":{"@type":"EntryPoint","urlTemplate":"https:\/\/espanole.ch\/?s={search_term_string}"},"query-input":{"@type":"PropertyValueSpecification","valueRequired":true,"valueName":"search_term_string"}}],"inLanguage":"es"},{"@type":"Organization","@id":"https:\/\/espanole.ch\/#organization","name":"Espa\u00f1Ol\u00e9","url":"https:\/\/espanole.ch\/","logo":{"@type":"ImageObject","inLanguage":"es","@id":"https:\/\/espanole.ch\/#\/schema\/logo\/image\/","url":"https:\/\/espanole.ch\/wp-content\/uploads\/2026\/04\/EspanOle_Logo-scaled.jpg","contentUrl":"https:\/\/espanole.ch\/wp-content\/uploads\/2026\/04\/EspanOle_Logo-scaled.jpg","width":2560,"height":1810,"caption":"Espa\u00f1Ol\u00e9"},"image":{"@id":"https:\/\/espanole.ch\/#\/schema\/logo\/image\/"},"sameAs":["https:\/\/www.facebook.com\/espanolefestival","https:\/\/www.instagram.com\/espanolefestival\/"]}]}},"_links":{"self":[{"href":"https:\/\/espanole.ch\/es\/wp-json\/wp\/v2\/pages\/109","targetHints":{"allow":["GET"]}}],"collection":[{"href":"https:\/\/espanole.ch\/es\/wp-json\/wp\/v2\/pages"}],"about":[{"href":"https:\/\/espanole.ch\/es\/wp-json\/wp\/v2\/types\/page"}],"author":[{"embeddable":true,"href":"https:\/\/espanole.ch\/es\/wp-json\/wp\/v2\/users\/1"}],"replies":[{"embeddable":true,"href":"https:\/\/espanole.ch\/es\/wp-json\/wp\/v2\/comments?post=109"}],"version-history":[{"count":62,"href":"https:\/\/espanole.ch\/es\/wp-json\/wp\/v2\/pages\/109\/revisions"}],"predecessor-version":[{"id":2029,"href":"https:\/\/espanole.ch\/es\/wp-json\/wp\/v2\/pages\/109\/revisions\/2029"}],"wp:attachment":[{"href":"https:\/\/espanole.ch\/es\/wp-json\/wp\/v2\/media?parent=109"}],"wp:term":[{"taxonomy":"folder","embeddable":true,"href":"https:\/\/espanole.ch\/es\/wp-json\/wp\/v2\/folder?post=109"}],"curies":[{"name":"wp","href":"https:\/\/api.w.org\/{rel}","templated":true}]}}