{"id":2132,"date":"2026-04-21T11:02:00","date_gmt":"2026-04-21T11:02:00","guid":{"rendered":"https:\/\/espanole.ch\/?page_id=2132"},"modified":"2026-04-21T11:24:01","modified_gmt":"2026-04-21T11:24:01","slug":"bases-concurso-paellas","status":"publish","type":"page","link":"https:\/\/espanole.ch\/es\/bases-concurso-paellas\/","title":{"rendered":"Bases Concurso Paellas"},"content":{"rendered":"<h2 class=\"wp-block-heading has-text-align-center\"><strong>BASES DEL 4\u00b0 CONCURSO DE PAELLAS ZURICH<br><\/strong>Domingo 07 de Junio de 2026<\/h2>\n\n\n\n<ol class=\"wp-block-list\">\n<li>El 4\u00b0 Concurso de Paellas de Suiza se celebrar\u00e1 el 07 de junio de 2026 dando comienzo a las 11:30 horas y siendo las 13:30 horas. la hora fijada para la presentaci\u00f3n de las mismas. Todos los participantes deben estar a las 11:00 horas delante de los puestos del concurso, situado en Zeughausareal (Kaserne Z\u00fcrich).<\/li>\n\n\n\n<li>Todos los concursantes deber\u00e1n aportar sus propios utensilios (paellera entre 60 o 70 cm de di\u00e1metro, quemador de gas , tabla, gas, tr\u00edpode, etc.).<\/li>\n\n\n\n<li>Los participantes recibir\u00e1n de la organizaci\u00f3n 1 pollo, 1\/2 conejo y 1 kilo de arroz y Garrof\u00f3 necesarios para la elaboraci\u00f3n de una Paella original valenciana. Excepto Tomates,Jud\u00edas Verdes y especias(aceite,sal,pimiento,etc)<\/li>\n\n\n\n<li>Toda la elaboraci\u00f3n de la paella se tendr\u00e1 que hacer en el puesto acreditado a partir del momento de inicio del concurso, fijado a las 11.30 horas.<\/li>\n\n\n\n<li>La paella deber\u00e1 ser realizada por dos personas como m\u00e1ximo: cocinero\/a y ayudante.<\/li>\n\n\n\n<li>En cada puesto no podr\u00e1 haber ninguna persona que no sean concursantes, siendo esto motivo de<br>penalizaci\u00f3n.<\/li>\n\n\n\n<li>Queda terminantemente prohibido fumar en el interior del stand durante la elaboraci\u00f3n de la paella, con autom\u00e1tica descalificaci\u00f3n .<\/li>\n\n\n\n<li>La paella deber\u00e1 ser la \u01a1pica y original paella valenciana. Cualquier ingrediente fuera de la receta<br>ser\u00e1 motivo de descalificaci\u00f3n!!<\/li>\n\n\n\n<li>Las paellas han de ser para un m\u00e1ximo de 1 kilo de arroz. (Aportado por la organizaci\u00f3n)<\/li>\n\n\n\n<li>Las paellas ser\u00e1n valoradas por un jurado experto atendiendo a criterios como: la elaboraci\u00f3n, el sabor,el punto del arroz ,el socarrat, la simetr\u00eda y la limpieza(Muy importante dejar el puesto como os lo encontr\u00e1is)<\/li>\n\n\n\n<li>La inscripci\u00f3n ser\u00e1 gratuita y podr\u00e1 formalizarse en el correo electr\u00f3nico de AGES. El plazo de<br>inscripci\u00f3n permanecer\u00e1 abierto hasta el 31 de mayo de 2026.<\/li>\n\n\n\n<li>Se entregar\u00e1n un 1er premio al ganador . (Todos los participantes recibir\u00e1n entrega de un diploma).<\/li>\n\n\n\n<li>Para poder participar, todas las personas inscritas deber\u00e1n aceptar y respetar estas bases.<\/li>\n\n\n\n<li>Queda excluido el recurso judicial.<\/li>\n<\/ol>","protected":false},"excerpt":{"rendered":"<p>BASES DEL 4\u00b0 CONCURSO DE PAELLAS ZURICHDomingo 07 de Junio de 2026<\/p>","protected":false},"author":1,"featured_media":0,"parent":0,"menu_order":0,"comment_status":"closed","ping_status":"closed","template":"","meta":{"footnotes":""},"folder":[],"class_list":["post-2132","page","type-page","status-publish","hentry"],"yoast_head":"<!-- This site is optimized with the Yoast SEO plugin v27.4 - https:\/\/yoast.com\/product\/yoast-seo-wordpress\/ -->\n<title>Bases Concurso Paellas - Espa\u00f1Ol\u00e9<\/title>\n<meta name=\"robots\" content=\"index, follow, max-snippet:-1, max-image-preview:large, max-video-preview:-1\" \/>\n<link rel=\"canonical\" href=\"https:\/\/espanole.ch\/es\/bases-concurso-paellas\/\" \/>\n<meta property=\"og:locale\" content=\"es_ES\" \/>\n<meta property=\"og:type\" content=\"article\" \/>\n<meta property=\"og:title\" content=\"Bases Concurso Paellas - Espa\u00f1Ol\u00e9\" \/>\n<meta property=\"og:description\" content=\"BASES DEL 4\u00b0 CONCURSO DE PAELLAS ZURICHDomingo 07 de Junio de 2026\" \/>\n<meta property=\"og:url\" content=\"https:\/\/espanole.ch\/es\/bases-concurso-paellas\/\" \/>\n<meta property=\"og:site_name\" content=\"Espa\u00f1Ol\u00e9\" \/>\n<meta property=\"article:publisher\" content=\"https:\/\/www.facebook.com\/espanolefestival\" \/>\n<meta property=\"article:modified_time\" content=\"2026-04-21T11:24:01+00:00\" \/>\n<meta name=\"twitter:card\" content=\"summary_large_image\" \/>\n<meta name=\"twitter:label1\" content=\"Tiempo de lectura\" \/>\n\t<meta name=\"twitter:data1\" content=\"2 minutos\" \/>\n<script type=\"application\/ld+json\" class=\"yoast-schema-graph\">{\"@context\":\"https:\\\/\\\/schema.org\",\"@graph\":[{\"@type\":\"WebPage\",\"@id\":\"https:\\\/\\\/espanole.ch\\\/bases-concurso-paellas\\\/\",\"url\":\"https:\\\/\\\/espanole.ch\\\/bases-concurso-paellas\\\/\",\"name\":\"Bases Concurso Paellas - Espa\u00f1Ol\u00e9\",\"isPartOf\":{\"@id\":\"https:\\\/\\\/espanole.ch\\\/#website\"},\"datePublished\":\"2026-04-21T11:02:00+00:00\",\"dateModified\":\"2026-04-21T11:24:01+00:00\",\"breadcrumb\":{\"@id\":\"https:\\\/\\\/espanole.ch\\\/bases-concurso-paellas\\\/#breadcrumb\"},\"inLanguage\":\"es\",\"potentialAction\":[{\"@type\":\"ReadAction\",\"target\":[\"https:\\\/\\\/espanole.ch\\\/bases-concurso-paellas\\\/\"]}]},{\"@type\":\"BreadcrumbList\",\"@id\":\"https:\\\/\\\/espanole.ch\\\/bases-concurso-paellas\\\/#breadcrumb\",\"itemListElement\":[{\"@type\":\"ListItem\",\"position\":1,\"name\":\"Startseite\",\"item\":\"https:\\\/\\\/espanole.ch\\\/\"},{\"@type\":\"ListItem\",\"position\":2,\"name\":\"Bases Concurso Paellas\"}]},{\"@type\":\"WebSite\",\"@id\":\"https:\\\/\\\/espanole.ch\\\/#website\",\"url\":\"https:\\\/\\\/espanole.ch\\\/\",\"name\":\"Espa\u00f1Ol\u00e9\",\"description\":\"Welt-Tapas-Tag\",\"publisher\":{\"@id\":\"https:\\\/\\\/espanole.ch\\\/#organization\"},\"potentialAction\":[{\"@type\":\"SearchAction\",\"target\":{\"@type\":\"EntryPoint\",\"urlTemplate\":\"https:\\\/\\\/espanole.ch\\\/?s={search_term_string}\"},\"query-input\":{\"@type\":\"PropertyValueSpecification\",\"valueRequired\":true,\"valueName\":\"search_term_string\"}}],\"inLanguage\":\"es\"},{\"@type\":\"Organization\",\"@id\":\"https:\\\/\\\/espanole.ch\\\/#organization\",\"name\":\"Espa\u00f1Ol\u00e9\",\"url\":\"https:\\\/\\\/espanole.ch\\\/\",\"logo\":{\"@type\":\"ImageObject\",\"inLanguage\":\"es\",\"@id\":\"https:\\\/\\\/espanole.ch\\\/#\\\/schema\\\/logo\\\/image\\\/\",\"url\":\"https:\\\/\\\/espanole.ch\\\/wp-content\\\/uploads\\\/2026\\\/04\\\/EspanOle_Logo-scaled.jpg\",\"contentUrl\":\"https:\\\/\\\/espanole.ch\\\/wp-content\\\/uploads\\\/2026\\\/04\\\/EspanOle_Logo-scaled.jpg\",\"width\":2560,\"height\":1810,\"caption\":\"Espa\u00f1Ol\u00e9\"},\"image\":{\"@id\":\"https:\\\/\\\/espanole.ch\\\/#\\\/schema\\\/logo\\\/image\\\/\"},\"sameAs\":[\"https:\\\/\\\/www.facebook.com\\\/espanolefestival\",\"https:\\\/\\\/www.instagram.com\\\/espanolefestival\\\/\"]}]}<\/script>\n<!-- \/ Yoast SEO plugin. -->","yoast_head_json":{"title":"Bases Concurso Paellas - Espa\u00f1Ol\u00e9","robots":{"index":"index","follow":"follow","max-snippet":"max-snippet:-1","max-image-preview":"max-image-preview:large","max-video-preview":"max-video-preview:-1"},"canonical":"https:\/\/espanole.ch\/es\/bases-concurso-paellas\/","og_locale":"es_ES","og_type":"article","og_title":"Bases Concurso Paellas - Espa\u00f1Ol\u00e9","og_description":"BASES DEL 4\u00b0 CONCURSO DE PAELLAS ZURICHDomingo 07 de Junio de 2026","og_url":"https:\/\/espanole.ch\/es\/bases-concurso-paellas\/","og_site_name":"Espa\u00f1Ol\u00e9","article_publisher":"https:\/\/www.facebook.com\/espanolefestival","article_modified_time":"2026-04-21T11:24:01+00:00","twitter_card":"summary_large_image","twitter_misc":{"Tiempo de lectura":"2 minutos"},"schema":{"@context":"https:\/\/schema.org","@graph":[{"@type":"WebPage","@id":"https:\/\/espanole.ch\/bases-concurso-paellas\/","url":"https:\/\/espanole.ch\/bases-concurso-paellas\/","name":"Bases Concurso Paellas - Espa\u00f1Ol\u00e9","isPartOf":{"@id":"https:\/\/espanole.ch\/#website"},"datePublished":"2026-04-21T11:02:00+00:00","dateModified":"2026-04-21T11:24:01+00:00","breadcrumb":{"@id":"https:\/\/espanole.ch\/bases-concurso-paellas\/#breadcrumb"},"inLanguage":"es","potentialAction":[{"@type":"ReadAction","target":["https:\/\/espanole.ch\/bases-concurso-paellas\/"]}]},{"@type":"BreadcrumbList","@id":"https:\/\/espanole.ch\/bases-concurso-paellas\/#breadcrumb","itemListElement":[{"@type":"ListItem","position":1,"name":"Startseite","item":"https:\/\/espanole.ch\/"},{"@type":"ListItem","position":2,"name":"Bases Concurso Paellas"}]},{"@type":"WebSite","@id":"https:\/\/espanole.ch\/#website","url":"https:\/\/espanole.ch\/","name":"Espa\u00f1Ol\u00e9","description":"D\u00eda Mundial de la Tapa","publisher":{"@id":"https:\/\/espanole.ch\/#organization"},"potentialAction":[{"@type":"SearchAction","target":{"@type":"EntryPoint","urlTemplate":"https:\/\/espanole.ch\/?s={search_term_string}"},"query-input":{"@type":"PropertyValueSpecification","valueRequired":true,"valueName":"search_term_string"}}],"inLanguage":"es"},{"@type":"Organization","@id":"https:\/\/espanole.ch\/#organization","name":"Espa\u00f1Ol\u00e9","url":"https:\/\/espanole.ch\/","logo":{"@type":"ImageObject","inLanguage":"es","@id":"https:\/\/espanole.ch\/#\/schema\/logo\/image\/","url":"https:\/\/espanole.ch\/wp-content\/uploads\/2026\/04\/EspanOle_Logo-scaled.jpg","contentUrl":"https:\/\/espanole.ch\/wp-content\/uploads\/2026\/04\/EspanOle_Logo-scaled.jpg","width":2560,"height":1810,"caption":"Espa\u00f1Ol\u00e9"},"image":{"@id":"https:\/\/espanole.ch\/#\/schema\/logo\/image\/"},"sameAs":["https:\/\/www.facebook.com\/espanolefestival","https:\/\/www.instagram.com\/espanolefestival\/"]}]}},"_links":{"self":[{"href":"https:\/\/espanole.ch\/es\/wp-json\/wp\/v2\/pages\/2132","targetHints":{"allow":["GET"]}}],"collection":[{"href":"https:\/\/espanole.ch\/es\/wp-json\/wp\/v2\/pages"}],"about":[{"href":"https:\/\/espanole.ch\/es\/wp-json\/wp\/v2\/types\/page"}],"author":[{"embeddable":true,"href":"https:\/\/espanole.ch\/es\/wp-json\/wp\/v2\/users\/1"}],"replies":[{"embeddable":true,"href":"https:\/\/espanole.ch\/es\/wp-json\/wp\/v2\/comments?post=2132"}],"version-history":[{"count":2,"href":"https:\/\/espanole.ch\/es\/wp-json\/wp\/v2\/pages\/2132\/revisions"}],"predecessor-version":[{"id":2143,"href":"https:\/\/espanole.ch\/es\/wp-json\/wp\/v2\/pages\/2132\/revisions\/2143"}],"wp:attachment":[{"href":"https:\/\/espanole.ch\/es\/wp-json\/wp\/v2\/media?parent=2132"}],"wp:term":[{"taxonomy":"folder","embeddable":true,"href":"https:\/\/espanole.ch\/es\/wp-json\/wp\/v2\/folder?post=2132"}],"curies":[{"name":"wp","href":"https:\/\/api.w.org\/{rel}","templated":true}]}}