{"id":2157,"date":"2026-04-21T19:12:24","date_gmt":"2026-04-21T19:12:24","guid":{"rendered":"https:\/\/espanole.ch\/?page_id=2157"},"modified":"2026-04-21T20:18:44","modified_gmt":"2026-04-21T20:18:44","slug":"3-tapas-anmeldung","status":"publish","type":"page","link":"https:\/\/espanole.ch\/es\/3-tapas-anmeldung\/","title":{"rendered":"3. Tapas Anmeldung"},"content":{"rendered":"<h2 class=\"wp-block-heading has-text-align-center\">FORMULARIO<br>Concurso \u201cMejor Tapa de Suiza 2026\u201d<\/h2>\n\n\n\n<p><strong>Fecha l\u00edmite de inscripci\u00f3n: 24 de mayo de 2026<\/strong><\/p>\n\n\n\n<div class=\"wp-block-contact-form-7-contact-form-selector\">\n<div class=\"wpcf7 no-js\" id=\"wpcf7-f2156-o1\" lang=\"es-ES\" dir=\"ltr\" data-wpcf7-id=\"2156\">\n<div class=\"screen-reader-response\"><p role=\"status\" aria-live=\"polite\" aria-atomic=\"true\"><\/p> <ul><\/ul><\/div>\n<form action=\"\/es\/wp-json\/wp\/v2\/pages\/2157#wpcf7-f2156-o1\" method=\"post\" class=\"wpcf7-form init\" aria-label=\"Formulario de contacto\" novalidate=\"novalidate\" data-status=\"init\" data-trp-original-action=\"\/es\/wp-json\/wp\/v2\/pages\/2157#wpcf7-f2156-o1\">\n<fieldset class=\"hidden-fields-container\"><input type=\"hidden\" name=\"_wpcf7\" value=\"2156\" \/><input type=\"hidden\" name=\"_wpcf7_version\" value=\"6.1.5\" \/><input type=\"hidden\" name=\"_wpcf7_locale\" value=\"es_ES\" \/><input type=\"hidden\" name=\"_wpcf7_unit_tag\" value=\"wpcf7-f2156-o1\" \/><input type=\"hidden\" name=\"_wpcf7_container_post\" value=\"0\" \/><input type=\"hidden\" name=\"_wpcf7_posted_data_hash\" value=\"\" \/><input type=\"hidden\" name=\"_wpcf7_recaptcha_response\" value=\"\" \/>\n<\/fieldset>\n<p><label> Firma \/ Empresa<br \/>\n<span class=\"wpcf7-form-control-wrap\" data-name=\"your-Firma\"><input size=\"40\" maxlength=\"400\" class=\"wpcf7-form-control wpcf7-text wpcf7-validates-as-required\" autocomplete=\"firma-empresa\" aria-required=\"true\" aria-invalid=\"false\" value=\"\" type=\"text\" name=\"your-Firma\" \/><\/span> <\/label><br \/>\n<label> Persona de Contacto<br \/>\n<span class=\"wpcf7-form-control-wrap\" data-name=\"your-name\"><input size=\"40\" maxlength=\"400\" class=\"wpcf7-form-control wpcf7-text wpcf7-validates-as-required\" autocomplete=\"name\" aria-required=\"true\" aria-invalid=\"false\" value=\"\" type=\"text\" name=\"your-name\" \/><\/span> <\/label><br \/>\n<label> Email \/ Correo electr\u00f3nico<br \/>\n<span class=\"wpcf7-form-control-wrap\" data-name=\"your-email\"><input size=\"40\" maxlength=\"400\" class=\"wpcf7-form-control wpcf7-email wpcf7-validates-as-required wpcf7-text wpcf7-validates-as-email\" autocomplete=\"email\" aria-required=\"true\" aria-invalid=\"false\" value=\"\" type=\"email\" name=\"your-email\" \/><\/span> <\/label><br \/>\n<label> Adresse \/ Direcci\u00f3n<br \/>\n<span class=\"wpcf7-form-control-wrap\" data-name=\"adresse\"><input size=\"40\" maxlength=\"400\" class=\"wpcf7-form-control wpcf7-text wpcf7-validates-as-required\" autocomplete=\"adresse\" aria-required=\"true\" aria-invalid=\"false\" value=\"\" type=\"text\" name=\"adresse\" \/><\/span> <\/label><br \/>\n<label> ZIP_Ort \/CP_Ciudad<br \/>\n<span class=\"wpcf7-form-control-wrap\" data-name=\"ZIP_ORT\"><input size=\"40\" maxlength=\"400\" class=\"wpcf7-form-control wpcf7-text wpcf7-validates-as-required\" aria-required=\"true\" aria-invalid=\"false\" value=\"\" type=\"text\" name=\"ZIP_ORT\" \/><\/span> <\/label><br \/>\n<label> Nro. Tlf \/ Telephonnummer<br \/>\n<span class=\"wpcf7-form-control-wrap\" data-name=\"tel_mobile\"><input size=\"40\" maxlength=\"400\" class=\"wpcf7-form-control wpcf7-text wpcf7-validates-as-required\" aria-required=\"true\" aria-invalid=\"false\" value=\"\" type=\"text\" name=\"tel_mobile\" \/><\/span> <\/label><br \/>\n<label> Webseite \/ P\u00e1gina Web<br \/>\n<span class=\"wpcf7-form-control-wrap\" data-name=\"Webseite\"><input size=\"40\" maxlength=\"400\" class=\"wpcf7-form-control wpcf7-text\" autocomplete=\"webseite\" aria-invalid=\"false\" value=\"\" type=\"text\" name=\"Webseite\" \/><\/span> <\/label>\n<\/p>\n<p>Nombre de la Tapa<br \/>\n<span class=\"wpcf7-form-control-wrap\" data-name=\"infotapa\"><input size=\"40\" maxlength=\"60\" class=\"wpcf7-form-control wpcf7-text\" aria-invalid=\"false\" placeholder=\"nombre de la tapa\" value=\"\" type=\"text\" name=\"infotapa\" \/><\/span>\n<\/p>\n<p>Informaci\u00f3n de la Tapa - Breve Descripci\u00f3n, m\u00e1ximo 3 lineas -<br \/>\n<span class=\"wpcf7-form-control-wrap\" data-name=\"InfoTapa\"><textarea cols=\"40\" rows=\"10\" maxlength=\"100\" class=\"wpcf7-form-control wpcf7-textarea\" aria-invalid=\"false\" name=\"InfoTapa\"><\/textarea><\/span>\n<\/p>\n<p>Indica tipo de la Tapa<br \/>\n<span class=\"wpcf7-form-control-wrap\" data-name=\"TapaTipo\"><span class=\"wpcf7-form-control wpcf7-checkbox\"><span class=\"wpcf7-list-item first\"><label><input type=\"checkbox\" name=\"TapaTipo[]\" value=\"Tapa fr\u00eda\" \/><span class=\"wpcf7-list-item-label\">Tapa fr\u00eda<\/span><\/label><\/span><span class=\"wpcf7-list-item last\"><label><input type=\"checkbox\" name=\"TapaTipo[]\" value=\"Tapa caliente\" \/><span class=\"wpcf7-list-item-label\">Tapa caliente<\/span><\/label><\/span><\/span><\/span>\n<\/p>\n<p>Porcentaje de elaboraci\u00f3n previa (m\u00e1x. 50%):<br \/>\n<span class=\"wpcf7-form-control-wrap\" data-name=\"text-785\"><input size=\"40\" maxlength=\"2\" class=\"wpcf7-form-control wpcf7-text\" aria-invalid=\"false\" placeholder=\"Porcentaje\" value=\"\" type=\"text\" name=\"text-785\" \/><\/span>\n<\/p>\n<p>Se entiende por elaboraci\u00f3n previa toda preparaci\u00f3n realizada antes del concurso (marinados, fondos, masas,<br \/>\ncocciones prolongadas, bases, etc.).\n<\/p>\n<p>Breve descripci\u00f3n:<br \/>\n<span class=\"wpcf7-form-control-wrap\" data-name=\"textarea-91\"><textarea cols=\"40\" rows=\"10\" maxlength=\"100\" class=\"wpcf7-form-control wpcf7-textarea\" aria-invalid=\"false\" placeholder=\"Breve descripci\u00f3n\" name=\"textarea-91\"><\/textarea><\/span>\n<\/p>\n<p>Documentaci\u00f3n requerida -(Adjuntar junto con este formulario)\n<\/p>\n<p><span class=\"wpcf7-form-control-wrap\" data-name=\"checkbox-187\"><span class=\"wpcf7-form-control wpcf7-checkbox\"><span class=\"wpcf7-list-item first\"><label><input type=\"checkbox\" name=\"checkbox-187[]\" value=\"Fotocopia de pasaporte o DNI del concursante\" \/><span class=\"wpcf7-list-item-label\">Fotocopia de pasaporte o DNI del concursante<\/span><\/label><\/span><span class=\"wpcf7-list-item\"><label><input type=\"checkbox\" name=\"checkbox-187[]\" value=\"Logotipo del establecimiento\" \/><span class=\"wpcf7-list-item-label\">Logotipo del establecimiento<\/span><\/label><\/span><span class=\"wpcf7-list-item\"><label><input type=\"checkbox\" name=\"checkbox-187[]\" value=\"Cualquier otra documentaci\u00f3n solicitada por la organizaci\u00f3n\" \/><span class=\"wpcf7-list-item-label\">Cualquier otra documentaci\u00f3n solicitada por la organizaci\u00f3n<\/span><\/label><\/span><span class=\"wpcf7-list-item last\"><label><input type=\"checkbox\" name=\"checkbox-187[]\" value=\"Autorizaciones o documentos adicionales solicitados por la organizaci\u00f3n\" \/><span class=\"wpcf7-list-item-label\">Autorizaciones o documentos adicionales solicitados por la organizaci\u00f3n<\/span><\/label><\/span><\/span><\/span>\n<\/p>\n<p>La documentaci\u00f3n debe enviarse por email (tapas (at) espanole.ch)\n<\/p>\n<p>Autorizaci\u00f3n de uso de imagen y marca<br \/>\nEl\/la abajo firmante autoriza a la organizaci\u00f3n del concurso a utilizar:<br \/>\n<span class=\"wpcf7-form-control-wrap\" data-name=\"checkbox-510\"><span class=\"wpcf7-form-control wpcf7-checkbox\"><span class=\"wpcf7-list-item first\"><input type=\"checkbox\" name=\"checkbox-510[]\" value=\"Las fotograf\u00edas enviadas\" \/><span class=\"wpcf7-list-item-label\">Las fotograf\u00edas enviadas<\/span><\/span><span class=\"wpcf7-list-item\"><input type=\"checkbox\" name=\"checkbox-510[]\" value=\"El nombre comercial y logotipo del establecimiento\" \/><span class=\"wpcf7-list-item-label\">El nombre comercial y logotipo del establecimiento<\/span><\/span><span class=\"wpcf7-list-item last\"><input type=\"checkbox\" name=\"checkbox-510[]\" value=\"La imagen personal del representante (si aparece en fotos o v\u00eddeos)\" \/><span class=\"wpcf7-list-item-label\">La imagen personal del representante (si aparece en fotos o v\u00eddeos)<\/span><\/span><\/span><\/span>\n<\/p>\n<p>Con fines exclusivamente promocionales y de difusi\u00f3n del concurso en medios digitales, impresos y audiovisuales,<br \/>\nsin l\u00edmite territorial y sin derecho a compensaci\u00f3n econ\u00f3mica.<br \/>\nEsta autorizaci\u00f3n se otorga sin l\u00edmite temporal y podr\u00e1 ser revocada por escrito en cualquier momento, sin efecto<br \/>\nretroactivo.\n<\/p>\n<p><span class=\"wpcf7-form-control-wrap\" data-name=\"acceptance-184\"><span class=\"wpcf7-form-control wpcf7-acceptance optional\"><span class=\"wpcf7-list-item\"><label><input type=\"checkbox\" name=\"acceptance-184\" value=\"1\" aria-invalid=\"false\" \/><span class=\"wpcf7-list-item-label\">Autorizo el uso de im\u00e1genes y material gr\u00e1fico<\/span><\/label><\/span><\/span><\/span><br \/>\n<span class=\"wpcf7-form-control-wrap\" data-name=\"Firmante\"><input size=\"40\" maxlength=\"400\" class=\"wpcf7-form-control wpcf7-text\" aria-invalid=\"false\" placeholder=\"Nombre del responsable\" value=\"\" type=\"text\" name=\"Firmante\" \/><\/span>\n<\/p>\n<p><label> Notas (opcional)<br \/>\n<span class=\"wpcf7-form-control-wrap\" data-name=\"Notas\"><textarea cols=\"40\" rows=\"10\" maxlength=\"2000\" class=\"wpcf7-form-control wpcf7-textarea\" aria-invalid=\"false\" name=\"Notas\"><\/textarea><\/span> <\/label>\n<\/p>\n<p>La organizaci\u00f3n confirmar\u00e1 oficialmente la participaci\u00f3n a los candidatos seleccionados por correo electr\u00f3nico o<br \/>\nWhatsApp\n<\/p>\n<p><input class=\"wpcf7-form-control wpcf7-submit has-spinner\" type=\"submit\" value=\"Enviar\" \/>\n<\/p><div class=\"wpcf7-response-output\" aria-hidden=\"true\"><\/div>\n<input type=\"hidden\" name=\"trp-form-language\" value=\"es\"\/><\/form>\n<\/div>\n<\/div>\n\n\n\n<ul class=\"wp-block-list\"><\/ul>\n\n\n\n<ol class=\"wp-block-list\"><\/ol>\n\n\n\n<p><\/p>","protected":false},"excerpt":{"rendered":"<p>FORMULARIOConcurso \u201cMejor Tapa de Suiza 2026\u201d Fecha l\u00edmite de inscripci\u00f3n: 24 de mayo de 2026<\/p>","protected":false},"author":1,"featured_media":0,"parent":0,"menu_order":0,"comment_status":"closed","ping_status":"closed","template":"","meta":{"footnotes":""},"folder":[],"class_list":["post-2157","page","type-page","status-publish","hentry"],"yoast_head":"<!-- This site is optimized with the Yoast SEO plugin v27.4 - https:\/\/yoast.com\/product\/yoast-seo-wordpress\/ -->\n<title>3. Tapas Anmeldung - Espa\u00f1Ol\u00e9<\/title>\n<meta name=\"robots\" content=\"index, follow, max-snippet:-1, max-image-preview:large, max-video-preview:-1\" \/>\n<link rel=\"canonical\" href=\"https:\/\/espanole.ch\/es\/3-tapas-anmeldung\/\" \/>\n<meta property=\"og:locale\" content=\"es_ES\" \/>\n<meta property=\"og:type\" content=\"article\" \/>\n<meta property=\"og:title\" content=\"3. Tapas Anmeldung - Espa\u00f1Ol\u00e9\" \/>\n<meta property=\"og:description\" content=\"FORMULARIOConcurso \u201cMejor Tapa de Suiza 2026\u201d Fecha l\u00edmite de inscripci\u00f3n: 24 de mayo de 2026\" \/>\n<meta property=\"og:url\" content=\"https:\/\/espanole.ch\/es\/3-tapas-anmeldung\/\" \/>\n<meta property=\"og:site_name\" content=\"Espa\u00f1Ol\u00e9\" \/>\n<meta property=\"article:publisher\" content=\"https:\/\/www.facebook.com\/espanolefestival\" \/>\n<meta property=\"article:modified_time\" content=\"2026-04-21T20:18:44+00:00\" \/>\n<meta name=\"twitter:card\" content=\"summary_large_image\" \/>\n<meta name=\"twitter:label1\" content=\"Tiempo de lectura\" \/>\n\t<meta name=\"twitter:data1\" content=\"1 minuto\" \/>\n<script type=\"application\/ld+json\" class=\"yoast-schema-graph\">{\"@context\":\"https:\\\/\\\/schema.org\",\"@graph\":[{\"@type\":\"WebPage\",\"@id\":\"https:\\\/\\\/espanole.ch\\\/3-tapas-anmeldung\\\/\",\"url\":\"https:\\\/\\\/espanole.ch\\\/3-tapas-anmeldung\\\/\",\"name\":\"3. Tapas Anmeldung - Espa\u00f1Ol\u00e9\",\"isPartOf\":{\"@id\":\"https:\\\/\\\/espanole.ch\\\/#website\"},\"datePublished\":\"2026-04-21T19:12:24+00:00\",\"dateModified\":\"2026-04-21T20:18:44+00:00\",\"breadcrumb\":{\"@id\":\"https:\\\/\\\/espanole.ch\\\/3-tapas-anmeldung\\\/#breadcrumb\"},\"inLanguage\":\"es\",\"potentialAction\":[{\"@type\":\"ReadAction\",\"target\":[\"https:\\\/\\\/espanole.ch\\\/3-tapas-anmeldung\\\/\"]}]},{\"@type\":\"BreadcrumbList\",\"@id\":\"https:\\\/\\\/espanole.ch\\\/3-tapas-anmeldung\\\/#breadcrumb\",\"itemListElement\":[{\"@type\":\"ListItem\",\"position\":1,\"name\":\"Startseite\",\"item\":\"https:\\\/\\\/espanole.ch\\\/\"},{\"@type\":\"ListItem\",\"position\":2,\"name\":\"3. Tapas Anmeldung\"}]},{\"@type\":\"WebSite\",\"@id\":\"https:\\\/\\\/espanole.ch\\\/#website\",\"url\":\"https:\\\/\\\/espanole.ch\\\/\",\"name\":\"Espa\u00f1Ol\u00e9\",\"description\":\"Welt-Tapas-Tag\",\"publisher\":{\"@id\":\"https:\\\/\\\/espanole.ch\\\/#organization\"},\"potentialAction\":[{\"@type\":\"SearchAction\",\"target\":{\"@type\":\"EntryPoint\",\"urlTemplate\":\"https:\\\/\\\/espanole.ch\\\/?s={search_term_string}\"},\"query-input\":{\"@type\":\"PropertyValueSpecification\",\"valueRequired\":true,\"valueName\":\"search_term_string\"}}],\"inLanguage\":\"es\"},{\"@type\":\"Organization\",\"@id\":\"https:\\\/\\\/espanole.ch\\\/#organization\",\"name\":\"Espa\u00f1Ol\u00e9\",\"url\":\"https:\\\/\\\/espanole.ch\\\/\",\"logo\":{\"@type\":\"ImageObject\",\"inLanguage\":\"es\",\"@id\":\"https:\\\/\\\/espanole.ch\\\/#\\\/schema\\\/logo\\\/image\\\/\",\"url\":\"https:\\\/\\\/espanole.ch\\\/wp-content\\\/uploads\\\/2026\\\/04\\\/EspanOle_Logo-scaled.jpg\",\"contentUrl\":\"https:\\\/\\\/espanole.ch\\\/wp-content\\\/uploads\\\/2026\\\/04\\\/EspanOle_Logo-scaled.jpg\",\"width\":2560,\"height\":1810,\"caption\":\"Espa\u00f1Ol\u00e9\"},\"image\":{\"@id\":\"https:\\\/\\\/espanole.ch\\\/#\\\/schema\\\/logo\\\/image\\\/\"},\"sameAs\":[\"https:\\\/\\\/www.facebook.com\\\/espanolefestival\",\"https:\\\/\\\/www.instagram.com\\\/espanolefestival\\\/\"]}]}<\/script>\n<!-- \/ Yoast SEO plugin. -->","yoast_head_json":{"title":"3. Tapas Anmeldung - Espa\u00f1Ol\u00e9","robots":{"index":"index","follow":"follow","max-snippet":"max-snippet:-1","max-image-preview":"max-image-preview:large","max-video-preview":"max-video-preview:-1"},"canonical":"https:\/\/espanole.ch\/es\/3-tapas-anmeldung\/","og_locale":"es_ES","og_type":"article","og_title":"3. Tapas Anmeldung - Espa\u00f1Ol\u00e9","og_description":"FORMULARIOConcurso \u201cMejor Tapa de Suiza 2026\u201d Fecha l\u00edmite de inscripci\u00f3n: 24 de mayo de 2026","og_url":"https:\/\/espanole.ch\/es\/3-tapas-anmeldung\/","og_site_name":"Espa\u00f1Ol\u00e9","article_publisher":"https:\/\/www.facebook.com\/espanolefestival","article_modified_time":"2026-04-21T20:18:44+00:00","twitter_card":"summary_large_image","twitter_misc":{"Tiempo de lectura":"1 minuto"},"schema":{"@context":"https:\/\/schema.org","@graph":[{"@type":"WebPage","@id":"https:\/\/espanole.ch\/3-tapas-anmeldung\/","url":"https:\/\/espanole.ch\/3-tapas-anmeldung\/","name":"3. Tapas Anmeldung - Espa\u00f1Ol\u00e9","isPartOf":{"@id":"https:\/\/espanole.ch\/#website"},"datePublished":"2026-04-21T19:12:24+00:00","dateModified":"2026-04-21T20:18:44+00:00","breadcrumb":{"@id":"https:\/\/espanole.ch\/3-tapas-anmeldung\/#breadcrumb"},"inLanguage":"es","potentialAction":[{"@type":"ReadAction","target":["https:\/\/espanole.ch\/3-tapas-anmeldung\/"]}]},{"@type":"BreadcrumbList","@id":"https:\/\/espanole.ch\/3-tapas-anmeldung\/#breadcrumb","itemListElement":[{"@type":"ListItem","position":1,"name":"Startseite","item":"https:\/\/espanole.ch\/"},{"@type":"ListItem","position":2,"name":"3. Tapas Anmeldung"}]},{"@type":"WebSite","@id":"https:\/\/espanole.ch\/#website","url":"https:\/\/espanole.ch\/","name":"Espa\u00f1Ol\u00e9","description":"D\u00eda Mundial de la Tapa","publisher":{"@id":"https:\/\/espanole.ch\/#organization"},"potentialAction":[{"@type":"SearchAction","target":{"@type":"EntryPoint","urlTemplate":"https:\/\/espanole.ch\/?s={search_term_string}"},"query-input":{"@type":"PropertyValueSpecification","valueRequired":true,"valueName":"search_term_string"}}],"inLanguage":"es"},{"@type":"Organization","@id":"https:\/\/espanole.ch\/#organization","name":"Espa\u00f1Ol\u00e9","url":"https:\/\/espanole.ch\/","logo":{"@type":"ImageObject","inLanguage":"es","@id":"https:\/\/espanole.ch\/#\/schema\/logo\/image\/","url":"https:\/\/espanole.ch\/wp-content\/uploads\/2026\/04\/EspanOle_Logo-scaled.jpg","contentUrl":"https:\/\/espanole.ch\/wp-content\/uploads\/2026\/04\/EspanOle_Logo-scaled.jpg","width":2560,"height":1810,"caption":"Espa\u00f1Ol\u00e9"},"image":{"@id":"https:\/\/espanole.ch\/#\/schema\/logo\/image\/"},"sameAs":["https:\/\/www.facebook.com\/espanolefestival","https:\/\/www.instagram.com\/espanolefestival\/"]}]}},"_links":{"self":[{"href":"https:\/\/espanole.ch\/es\/wp-json\/wp\/v2\/pages\/2157","targetHints":{"allow":["GET"]}}],"collection":[{"href":"https:\/\/espanole.ch\/es\/wp-json\/wp\/v2\/pages"}],"about":[{"href":"https:\/\/espanole.ch\/es\/wp-json\/wp\/v2\/types\/page"}],"author":[{"embeddable":true,"href":"https:\/\/espanole.ch\/es\/wp-json\/wp\/v2\/users\/1"}],"replies":[{"embeddable":true,"href":"https:\/\/espanole.ch\/es\/wp-json\/wp\/v2\/comments?post=2157"}],"version-history":[{"count":2,"href":"https:\/\/espanole.ch\/es\/wp-json\/wp\/v2\/pages\/2157\/revisions"}],"predecessor-version":[{"id":2161,"href":"https:\/\/espanole.ch\/es\/wp-json\/wp\/v2\/pages\/2157\/revisions\/2161"}],"wp:attachment":[{"href":"https:\/\/espanole.ch\/es\/wp-json\/wp\/v2\/media?parent=2157"}],"wp:term":[{"taxonomy":"folder","embeddable":true,"href":"https:\/\/espanole.ch\/es\/wp-json\/wp\/v2\/folder?post=2157"}],"curies":[{"name":"wp","href":"https:\/\/api.w.org\/{rel}","templated":true}]}}