{"id":255,"date":"2024-03-06T08:54:54","date_gmt":"2024-03-06T08:54:54","guid":{"rendered":"https:\/\/espanole.ch\/?page_id=255"},"modified":"2024-03-20T13:37:30","modified_gmt":"2024-03-20T13:37:30","slug":"kontakt","status":"publish","type":"page","link":"https:\/\/espanole.ch\/es\/kontakt\/","title":{"rendered":"Contacto"},"content":{"rendered":"<div class=\"wpcf7 no-js\" id=\"wpcf7-f4-o1\" lang=\"de-DE\" dir=\"ltr\" data-wpcf7-id=\"4\">\n<div class=\"screen-reader-response\"><p role=\"status\" aria-live=\"polite\" aria-atomic=\"true\"><\/p> <ul><\/ul><\/div>\n<form action=\"\/es\/wp-json\/wp\/v2\/pages\/255#wpcf7-f4-o1\" method=\"post\" class=\"wpcf7-form init\" aria-label=\"Kontaktformular\" novalidate=\"novalidate\" data-status=\"init\" data-trp-original-action=\"\/es\/wp-json\/wp\/v2\/pages\/255#wpcf7-f4-o1\">\n<fieldset class=\"hidden-fields-container\"><input type=\"hidden\" name=\"_wpcf7\" value=\"4\" \/><input type=\"hidden\" name=\"_wpcf7_version\" value=\"6.1.5\" \/><input type=\"hidden\" name=\"_wpcf7_locale\" value=\"de_DE\" \/><input type=\"hidden\" name=\"_wpcf7_unit_tag\" value=\"wpcf7-f4-o1\" \/><input type=\"hidden\" name=\"_wpcf7_container_post\" value=\"0\" \/><input type=\"hidden\" name=\"_wpcf7_posted_data_hash\" value=\"\" \/><input type=\"hidden\" name=\"_wpcf7_recaptcha_response\" value=\"\" \/>\n<\/fieldset>\n<p><label> Nombre<br \/>\n<span class=\"wpcf7-form-control-wrap\" data-name=\"your-name\"><input size=\"40\" maxlength=\"400\" class=\"wpcf7-form-control wpcf7-text wpcf7-validates-as-required\" autocomplete=\"name\" aria-required=\"true\" aria-invalid=\"false\" value=\"\" type=\"text\" name=\"your-name\" \/><\/span> <\/label>\n<\/p>\n<p><label> E-mail<br \/>\n<span class=\"wpcf7-form-control-wrap\" data-name=\"your-email\"><input size=\"40\" maxlength=\"400\" class=\"wpcf7-form-control wpcf7-email wpcf7-validates-as-required wpcf7-text wpcf7-validates-as-email\" autocomplete=\"email\" aria-required=\"true\" aria-invalid=\"false\" value=\"\" type=\"email\" name=\"your-email\" \/><\/span> <\/label>\n<\/p>\n<p><label> Asunto<br \/>\n<span class=\"wpcf7-form-control-wrap\" data-name=\"your-subject\"><input size=\"40\" maxlength=\"400\" class=\"wpcf7-form-control wpcf7-text wpcf7-validates-as-required\" aria-required=\"true\" aria-invalid=\"false\" value=\"\" type=\"text\" name=\"your-subject\" \/><\/span> <\/label>\n<\/p>\n<p><label> \u00bfQuieres participar en el evento? <\/label><br \/>\n<span class=\"wpcf7-form-control-wrap\" data-name=\"your-choice\"><span class=\"wpcf7-form-control wpcf7-checkbox\"><span class=\"wpcf7-list-item first last\"><input type=\"checkbox\" name=\"your-choice[]\" value=\"Food-Stand\" \/><span class=\"wpcf7-list-item-label\">Food-Stand<\/span><\/span><\/span><\/span><br \/>\n<span class=\"wpcf7-form-control-wrap\" data-name=\"your-choice\"><span class=\"wpcf7-form-control wpcf7-checkbox\"><span class=\"wpcf7-list-item first last\"><input type=\"checkbox\" name=\"your-choice[]\" value=\"Tapas-Wettbewerb\" \/><span class=\"wpcf7-list-item-label\">Concurso de Tapas<\/span><\/span><\/span><\/span><br \/>\n<span class=\"wpcf7-form-control-wrap\" data-name=\"your-choice\"><span class=\"wpcf7-form-control wpcf7-checkbox\"><span class=\"wpcf7-list-item first last\"><input type=\"checkbox\" name=\"your-choice[]\" value=\"Paella-Wettbewerb\" \/><span class=\"wpcf7-list-item-label\">Concurso de Paella<\/span><\/span><\/span><\/span><br \/>\n<span class=\"wpcf7-form-control-wrap\" data-name=\"your-choice\"><span class=\"wpcf7-form-control wpcf7-checkbox\"><span class=\"wpcf7-list-item first last\"><input type=\"checkbox\" name=\"your-choice[]\" value=\"Bierzapfen-Wettbewerb\" \/><span class=\"wpcf7-list-item-label\">Bierzapfen-Wettbewerb<\/span><\/span><\/span><\/span>\n<\/p>\n<div style=\"margin-bottom: 20px;\">\n<\/div>\n<p><label> Escr\u00edbenos (Opcional)<br \/>\n<span class=\"wpcf7-form-control-wrap\" data-name=\"your-message\"><textarea cols=\"40\" rows=\"10\" maxlength=\"2000\" class=\"wpcf7-form-control wpcf7-textarea\" aria-invalid=\"false\" name=\"your-message\"><\/textarea><\/span> <\/label>\n<\/p>\n<p><input class=\"wpcf7-form-control wpcf7-submit has-spinner\" type=\"submit\" value=\"Enviar\" \/>\n<\/p><div class=\"wpcf7-response-output\" aria-hidden=\"true\"><\/div>\n<input type=\"hidden\" name=\"trp-form-language\" value=\"es\"\/><\/form>\n<\/div>","protected":false},"excerpt":{"rendered":"","protected":false},"author":1,"featured_media":0,"parent":0,"menu_order":0,"comment_status":"closed","ping_status":"closed","template":"","meta":{"footnotes":""},"folder":[],"class_list":["post-255","page","type-page","status-publish","hentry"],"yoast_head":"<!-- This site is optimized with the Yoast SEO plugin v27.4 - https:\/\/yoast.com\/product\/yoast-seo-wordpress\/ -->\n<title>Kontakt - Espa\u00f1Ol\u00e9<\/title>\n<meta name=\"robots\" content=\"index, follow, max-snippet:-1, max-image-preview:large, max-video-preview:-1\" \/>\n<link rel=\"canonical\" href=\"https:\/\/espanole.ch\/es\/kontakt\/\" \/>\n<meta property=\"og:locale\" content=\"es_ES\" \/>\n<meta property=\"og:type\" content=\"article\" \/>\n<meta property=\"og:title\" content=\"Kontakt - Espa\u00f1Ol\u00e9\" \/>\n<meta property=\"og:url\" content=\"https:\/\/espanole.ch\/es\/kontakt\/\" \/>\n<meta property=\"og:site_name\" content=\"Espa\u00f1Ol\u00e9\" \/>\n<meta property=\"article:publisher\" content=\"https:\/\/www.facebook.com\/espanolefestival\" \/>\n<meta property=\"article:modified_time\" content=\"2024-03-20T13:37:30+00:00\" \/>\n<meta name=\"twitter:card\" content=\"summary_large_image\" \/>\n<meta name=\"twitter:label1\" content=\"Tiempo de lectura\" \/>\n\t<meta name=\"twitter:data1\" content=\"1 minuto\" \/>\n<script type=\"application\/ld+json\" class=\"yoast-schema-graph\">{\"@context\":\"https:\\\/\\\/schema.org\",\"@graph\":[{\"@type\":\"WebPage\",\"@id\":\"https:\\\/\\\/espanole.ch\\\/kontakt\\\/\",\"url\":\"https:\\\/\\\/espanole.ch\\\/kontakt\\\/\",\"name\":\"Kontakt - Espa\u00f1Ol\u00e9\",\"isPartOf\":{\"@id\":\"https:\\\/\\\/espanole.ch\\\/#website\"},\"datePublished\":\"2024-03-06T08:54:54+00:00\",\"dateModified\":\"2024-03-20T13:37:30+00:00\",\"breadcrumb\":{\"@id\":\"https:\\\/\\\/espanole.ch\\\/kontakt\\\/#breadcrumb\"},\"inLanguage\":\"es\",\"potentialAction\":[{\"@type\":\"ReadAction\",\"target\":[\"https:\\\/\\\/espanole.ch\\\/kontakt\\\/\"]}]},{\"@type\":\"BreadcrumbList\",\"@id\":\"https:\\\/\\\/espanole.ch\\\/kontakt\\\/#breadcrumb\",\"itemListElement\":[{\"@type\":\"ListItem\",\"position\":1,\"name\":\"Startseite\",\"item\":\"https:\\\/\\\/espanole.ch\\\/\"},{\"@type\":\"ListItem\",\"position\":2,\"name\":\"Kontakt\"}]},{\"@type\":\"WebSite\",\"@id\":\"https:\\\/\\\/espanole.ch\\\/#website\",\"url\":\"https:\\\/\\\/espanole.ch\\\/\",\"name\":\"Espa\u00f1Ol\u00e9\",\"description\":\"Welt-Tapas-Tag\",\"publisher\":{\"@id\":\"https:\\\/\\\/espanole.ch\\\/#organization\"},\"potentialAction\":[{\"@type\":\"SearchAction\",\"target\":{\"@type\":\"EntryPoint\",\"urlTemplate\":\"https:\\\/\\\/espanole.ch\\\/?s={search_term_string}\"},\"query-input\":{\"@type\":\"PropertyValueSpecification\",\"valueRequired\":true,\"valueName\":\"search_term_string\"}}],\"inLanguage\":\"es\"},{\"@type\":\"Organization\",\"@id\":\"https:\\\/\\\/espanole.ch\\\/#organization\",\"name\":\"Espa\u00f1Ol\u00e9\",\"url\":\"https:\\\/\\\/espanole.ch\\\/\",\"logo\":{\"@type\":\"ImageObject\",\"inLanguage\":\"es\",\"@id\":\"https:\\\/\\\/espanole.ch\\\/#\\\/schema\\\/logo\\\/image\\\/\",\"url\":\"https:\\\/\\\/espanole.ch\\\/wp-content\\\/uploads\\\/2026\\\/04\\\/EspanOle_Logo-scaled.jpg\",\"contentUrl\":\"https:\\\/\\\/espanole.ch\\\/wp-content\\\/uploads\\\/2026\\\/04\\\/EspanOle_Logo-scaled.jpg\",\"width\":2560,\"height\":1810,\"caption\":\"Espa\u00f1Ol\u00e9\"},\"image\":{\"@id\":\"https:\\\/\\\/espanole.ch\\\/#\\\/schema\\\/logo\\\/image\\\/\"},\"sameAs\":[\"https:\\\/\\\/www.facebook.com\\\/espanolefestival\",\"https:\\\/\\\/www.instagram.com\\\/espanolefestival\\\/\"]}]}<\/script>\n<!-- \/ Yoast SEO plugin. -->","yoast_head_json":{"title":"Kontakt - Espa\u00f1Ol\u00e9","robots":{"index":"index","follow":"follow","max-snippet":"max-snippet:-1","max-image-preview":"max-image-preview:large","max-video-preview":"max-video-preview:-1"},"canonical":"https:\/\/espanole.ch\/es\/kontakt\/","og_locale":"es_ES","og_type":"article","og_title":"Kontakt - Espa\u00f1Ol\u00e9","og_url":"https:\/\/espanole.ch\/es\/kontakt\/","og_site_name":"Espa\u00f1Ol\u00e9","article_publisher":"https:\/\/www.facebook.com\/espanolefestival","article_modified_time":"2024-03-20T13:37:30+00:00","twitter_card":"summary_large_image","twitter_misc":{"Tiempo de lectura":"1 minuto"},"schema":{"@context":"https:\/\/schema.org","@graph":[{"@type":"WebPage","@id":"https:\/\/espanole.ch\/kontakt\/","url":"https:\/\/espanole.ch\/kontakt\/","name":"Kontakt - Espa\u00f1Ol\u00e9","isPartOf":{"@id":"https:\/\/espanole.ch\/#website"},"datePublished":"2024-03-06T08:54:54+00:00","dateModified":"2024-03-20T13:37:30+00:00","breadcrumb":{"@id":"https:\/\/espanole.ch\/kontakt\/#breadcrumb"},"inLanguage":"es","potentialAction":[{"@type":"ReadAction","target":["https:\/\/espanole.ch\/kontakt\/"]}]},{"@type":"BreadcrumbList","@id":"https:\/\/espanole.ch\/kontakt\/#breadcrumb","itemListElement":[{"@type":"ListItem","position":1,"name":"Startseite","item":"https:\/\/espanole.ch\/"},{"@type":"ListItem","position":2,"name":"Kontakt"}]},{"@type":"WebSite","@id":"https:\/\/espanole.ch\/#website","url":"https:\/\/espanole.ch\/","name":"Espa\u00f1Ol\u00e9","description":"D\u00eda Mundial de la Tapa","publisher":{"@id":"https:\/\/espanole.ch\/#organization"},"potentialAction":[{"@type":"SearchAction","target":{"@type":"EntryPoint","urlTemplate":"https:\/\/espanole.ch\/?s={search_term_string}"},"query-input":{"@type":"PropertyValueSpecification","valueRequired":true,"valueName":"search_term_string"}}],"inLanguage":"es"},{"@type":"Organization","@id":"https:\/\/espanole.ch\/#organization","name":"Espa\u00f1Ol\u00e9","url":"https:\/\/espanole.ch\/","logo":{"@type":"ImageObject","inLanguage":"es","@id":"https:\/\/espanole.ch\/#\/schema\/logo\/image\/","url":"https:\/\/espanole.ch\/wp-content\/uploads\/2026\/04\/EspanOle_Logo-scaled.jpg","contentUrl":"https:\/\/espanole.ch\/wp-content\/uploads\/2026\/04\/EspanOle_Logo-scaled.jpg","width":2560,"height":1810,"caption":"Espa\u00f1Ol\u00e9"},"image":{"@id":"https:\/\/espanole.ch\/#\/schema\/logo\/image\/"},"sameAs":["https:\/\/www.facebook.com\/espanolefestival","https:\/\/www.instagram.com\/espanolefestival\/"]}]}},"_links":{"self":[{"href":"https:\/\/espanole.ch\/es\/wp-json\/wp\/v2\/pages\/255","targetHints":{"allow":["GET"]}}],"collection":[{"href":"https:\/\/espanole.ch\/es\/wp-json\/wp\/v2\/pages"}],"about":[{"href":"https:\/\/espanole.ch\/es\/wp-json\/wp\/v2\/types\/page"}],"author":[{"embeddable":true,"href":"https:\/\/espanole.ch\/es\/wp-json\/wp\/v2\/users\/1"}],"replies":[{"embeddable":true,"href":"https:\/\/espanole.ch\/es\/wp-json\/wp\/v2\/comments?post=255"}],"version-history":[{"count":4,"href":"https:\/\/espanole.ch\/es\/wp-json\/wp\/v2\/pages\/255\/revisions"}],"predecessor-version":[{"id":484,"href":"https:\/\/espanole.ch\/es\/wp-json\/wp\/v2\/pages\/255\/revisions\/484"}],"wp:attachment":[{"href":"https:\/\/espanole.ch\/es\/wp-json\/wp\/v2\/media?parent=255"}],"wp:term":[{"taxonomy":"folder","embeddable":true,"href":"https:\/\/espanole.ch\/es\/wp-json\/wp\/v2\/folder?post=255"}],"curies":[{"name":"wp","href":"https:\/\/api.w.org\/{rel}","templated":true}]}}