{"id":290,"date":"2024-03-13T22:03:31","date_gmt":"2024-03-13T22:03:31","guid":{"rendered":"https:\/\/espanole.ch\/?page_id=290"},"modified":"2025-05-30T06:47:46","modified_gmt":"2025-05-30T06:47:46","slug":"medien","status":"publish","type":"page","link":"https:\/\/espanole.ch\/es\/medien\/","title":{"rendered":"Media"},"content":{"rendered":"<figure class=\"wp-block-gallery has-nested-images columns-2 is-cropped wp-block-gallery-1 is-layout-flex wp-block-gallery-is-layout-flex\">\n<figure class=\"wp-block-image size-large\"><img loading=\"lazy\" decoding=\"async\" width=\"1024\" height=\"768\" data-id=\"706\" src=\"https:\/\/espanole.ch\/wp-content\/uploads\/2024\/04\/DSC02348-1024x768.jpg\" alt=\"\" class=\"wp-image-706\" srcset=\"https:\/\/espanole.ch\/wp-content\/uploads\/2024\/04\/DSC02348-1024x768.jpg 1024w, https:\/\/espanole.ch\/wp-content\/uploads\/2024\/04\/DSC02348-300x225.jpg 300w, https:\/\/espanole.ch\/wp-content\/uploads\/2024\/04\/DSC02348-768x576.jpg 768w, https:\/\/espanole.ch\/wp-content\/uploads\/2024\/04\/DSC02348-1536x1152.jpg 1536w, https:\/\/espanole.ch\/wp-content\/uploads\/2024\/04\/DSC02348-2048x1536.jpg 2048w, https:\/\/espanole.ch\/wp-content\/uploads\/2024\/04\/DSC02348-16x12.jpg 16w, https:\/\/espanole.ch\/wp-content\/uploads\/2024\/04\/DSC02348-1140x855.jpg 1140w\" sizes=\"auto, (max-width: 1024px) 100vw, 1024px\" \/><\/figure>\n\n\n\n<figure class=\"wp-block-image size-large\"><img loading=\"lazy\" decoding=\"async\" width=\"1024\" height=\"684\" data-id=\"710\" src=\"https:\/\/espanole.ch\/wp-content\/uploads\/2024\/04\/DSC02551-1024x684.jpg\" alt=\"\" class=\"wp-image-710\" srcset=\"https:\/\/espanole.ch\/wp-content\/uploads\/2024\/04\/DSC02551-1024x684.jpg 1024w, https:\/\/espanole.ch\/wp-content\/uploads\/2024\/04\/DSC02551-300x200.jpg 300w, https:\/\/espanole.ch\/wp-content\/uploads\/2024\/04\/DSC02551-768x513.jpg 768w, https:\/\/espanole.ch\/wp-content\/uploads\/2024\/04\/DSC02551-1536x1026.jpg 1536w, https:\/\/espanole.ch\/wp-content\/uploads\/2024\/04\/DSC02551-2048x1367.jpg 2048w, https:\/\/espanole.ch\/wp-content\/uploads\/2024\/04\/DSC02551-18x12.jpg 18w, https:\/\/espanole.ch\/wp-content\/uploads\/2024\/04\/DSC02551-1140x761.jpg 1140w\" sizes=\"auto, (max-width: 1024px) 100vw, 1024px\" \/><\/figure>\n\n\n\n<figure class=\"wp-block-image size-large\"><img loading=\"lazy\" decoding=\"async\" width=\"1024\" height=\"768\" data-id=\"702\" src=\"https:\/\/espanole.ch\/wp-content\/uploads\/2024\/04\/DSC01965-1024x768.jpg\" alt=\"\" class=\"wp-image-702\" srcset=\"https:\/\/espanole.ch\/wp-content\/uploads\/2024\/04\/DSC01965-1024x768.jpg 1024w, https:\/\/espanole.ch\/wp-content\/uploads\/2024\/04\/DSC01965-300x225.jpg 300w, https:\/\/espanole.ch\/wp-content\/uploads\/2024\/04\/DSC01965-768x576.jpg 768w, https:\/\/espanole.ch\/wp-content\/uploads\/2024\/04\/DSC01965-1536x1152.jpg 1536w, https:\/\/espanole.ch\/wp-content\/uploads\/2024\/04\/DSC01965-2048x1536.jpg 2048w, https:\/\/espanole.ch\/wp-content\/uploads\/2024\/04\/DSC01965-16x12.jpg 16w, https:\/\/espanole.ch\/wp-content\/uploads\/2024\/04\/DSC01965-1140x855.jpg 1140w\" sizes=\"auto, (max-width: 1024px) 100vw, 1024px\" \/><\/figure>\n\n\n\n<figure class=\"wp-block-image size-large\"><img loading=\"lazy\" decoding=\"async\" width=\"1024\" height=\"684\" data-id=\"705\" src=\"https:\/\/espanole.ch\/wp-content\/uploads\/2024\/04\/DSC02178-1024x684.jpg\" alt=\"\" class=\"wp-image-705\" srcset=\"https:\/\/espanole.ch\/wp-content\/uploads\/2024\/04\/DSC02178-1024x684.jpg 1024w, https:\/\/espanole.ch\/wp-content\/uploads\/2024\/04\/DSC02178-300x200.jpg 300w, https:\/\/espanole.ch\/wp-content\/uploads\/2024\/04\/DSC02178-768x513.jpg 768w, https:\/\/espanole.ch\/wp-content\/uploads\/2024\/04\/DSC02178-1536x1026.jpg 1536w, https:\/\/espanole.ch\/wp-content\/uploads\/2024\/04\/DSC02178-2048x1368.jpg 2048w, https:\/\/espanole.ch\/wp-content\/uploads\/2024\/04\/DSC02178-18x12.jpg 18w, https:\/\/espanole.ch\/wp-content\/uploads\/2024\/04\/DSC02178-1140x761.jpg 1140w\" sizes=\"auto, (max-width: 1024px) 100vw, 1024px\" \/><\/figure>\n\n\n\n<figure class=\"wp-block-image size-large\"><img loading=\"lazy\" decoding=\"async\" width=\"1024\" height=\"684\" data-id=\"704\" src=\"https:\/\/espanole.ch\/wp-content\/uploads\/2024\/04\/DSC02148-1024x684.jpg\" alt=\"\" class=\"wp-image-704\" srcset=\"https:\/\/espanole.ch\/wp-content\/uploads\/2024\/04\/DSC02148-1024x684.jpg 1024w, https:\/\/espanole.ch\/wp-content\/uploads\/2024\/04\/DSC02148-300x200.jpg 300w, https:\/\/espanole.ch\/wp-content\/uploads\/2024\/04\/DSC02148-768x513.jpg 768w, https:\/\/espanole.ch\/wp-content\/uploads\/2024\/04\/DSC02148-1536x1025.jpg 1536w, https:\/\/espanole.ch\/wp-content\/uploads\/2024\/04\/DSC02148-2048x1367.jpg 2048w, https:\/\/espanole.ch\/wp-content\/uploads\/2024\/04\/DSC02148-18x12.jpg 18w, https:\/\/espanole.ch\/wp-content\/uploads\/2024\/04\/DSC02148-1140x761.jpg 1140w\" sizes=\"auto, (max-width: 1024px) 100vw, 1024px\" \/><\/figure>\n\n\n\n<figure class=\"wp-block-image size-large\"><img loading=\"lazy\" decoding=\"async\" width=\"1024\" height=\"684\" data-id=\"707\" src=\"https:\/\/espanole.ch\/wp-content\/uploads\/2024\/04\/DSC02370-1024x684.jpg\" alt=\"\" class=\"wp-image-707\" srcset=\"\" sizes=\"auto, (max-width: 1024px) 100vw, 1024px\" data-srcset=\"\" \/><\/figure>\n\n\n\n<figure class=\"wp-block-image size-large\"><img loading=\"lazy\" decoding=\"async\" width=\"1024\" height=\"768\" data-id=\"709\" src=\"https:\/\/espanole.ch\/wp-content\/uploads\/2024\/04\/DSC02524-1024x768.jpg\" alt=\"\" class=\"wp-image-709\" srcset=\"https:\/\/espanole.ch\/wp-content\/uploads\/2024\/04\/DSC02524-1024x768.jpg 1024w, https:\/\/espanole.ch\/wp-content\/uploads\/2024\/04\/DSC02524-300x225.jpg 300w, https:\/\/espanole.ch\/wp-content\/uploads\/2024\/04\/DSC02524-768x576.jpg 768w, https:\/\/espanole.ch\/wp-content\/uploads\/2024\/04\/DSC02524-1536x1152.jpg 1536w, https:\/\/espanole.ch\/wp-content\/uploads\/2024\/04\/DSC02524-16x12.jpg 16w, https:\/\/espanole.ch\/wp-content\/uploads\/2024\/04\/DSC02524-1140x855.jpg 1140w, https:\/\/espanole.ch\/wp-content\/uploads\/2024\/04\/DSC02524.jpg 1930w\" sizes=\"auto, (max-width: 1024px) 100vw, 1024px\" \/><\/figure>\n\n\n\n<figure class=\"wp-block-image size-large\"><img loading=\"lazy\" decoding=\"async\" width=\"1024\" height=\"684\" data-id=\"708\" src=\"https:\/\/espanole.ch\/wp-content\/uploads\/2024\/04\/DSC02488-1024x684.jpg\" alt=\"\" class=\"wp-image-708\" srcset=\"https:\/\/espanole.ch\/wp-content\/uploads\/2024\/04\/DSC02488-1024x684.jpg 1024w, https:\/\/espanole.ch\/wp-content\/uploads\/2024\/04\/DSC02488-300x200.jpg 300w, https:\/\/espanole.ch\/wp-content\/uploads\/2024\/04\/DSC02488-768x513.jpg 768w, https:\/\/espanole.ch\/wp-content\/uploads\/2024\/04\/DSC02488-1536x1025.jpg 1536w, https:\/\/espanole.ch\/wp-content\/uploads\/2024\/04\/DSC02488-2048x1367.jpg 2048w, https:\/\/espanole.ch\/wp-content\/uploads\/2024\/04\/DSC02488-18x12.jpg 18w, https:\/\/espanole.ch\/wp-content\/uploads\/2024\/04\/DSC02488-1140x761.jpg 1140w\" sizes=\"auto, (max-width: 1024px) 100vw, 1024px\" \/><\/figure>\n\n\n\n<figure class=\"wp-block-image size-large\"><img loading=\"lazy\" decoding=\"async\" width=\"1024\" height=\"768\" data-id=\"701\" src=\"https:\/\/espanole.ch\/wp-content\/uploads\/2024\/04\/DSC01640-1024x768.jpg\" alt=\"\" class=\"wp-image-701\" srcset=\"https:\/\/espanole.ch\/wp-content\/uploads\/2024\/04\/DSC01640-1024x768.jpg 1024w, https:\/\/espanole.ch\/wp-content\/uploads\/2024\/04\/DSC01640-300x225.jpg 300w, https:\/\/espanole.ch\/wp-content\/uploads\/2024\/04\/DSC01640-768x576.jpg 768w, https:\/\/espanole.ch\/wp-content\/uploads\/2024\/04\/DSC01640-1536x1152.jpg 1536w, https:\/\/espanole.ch\/wp-content\/uploads\/2024\/04\/DSC01640-2048x1536.jpg 2048w, https:\/\/espanole.ch\/wp-content\/uploads\/2024\/04\/DSC01640-16x12.jpg 16w, https:\/\/espanole.ch\/wp-content\/uploads\/2024\/04\/DSC01640-1140x855.jpg 1140w\" sizes=\"auto, (max-width: 1024px) 100vw, 1024px\" \/><\/figure>\n\n\n\n<figure class=\"wp-block-image size-large\"><img loading=\"lazy\" decoding=\"async\" width=\"1024\" height=\"768\" data-id=\"715\" src=\"https:\/\/espanole.ch\/wp-content\/uploads\/2024\/04\/DSC03775-1024x768.jpg\" alt=\"\" class=\"wp-image-715\" srcset=\"https:\/\/espanole.ch\/wp-content\/uploads\/2024\/04\/DSC03775-1024x768.jpg 1024w, https:\/\/espanole.ch\/wp-content\/uploads\/2024\/04\/DSC03775-300x225.jpg 300w, https:\/\/espanole.ch\/wp-content\/uploads\/2024\/04\/DSC03775-768x576.jpg 768w, https:\/\/espanole.ch\/wp-content\/uploads\/2024\/04\/DSC03775-1536x1152.jpg 1536w, https:\/\/espanole.ch\/wp-content\/uploads\/2024\/04\/DSC03775-2048x1536.jpg 2048w, https:\/\/espanole.ch\/wp-content\/uploads\/2024\/04\/DSC03775-16x12.jpg 16w, https:\/\/espanole.ch\/wp-content\/uploads\/2024\/04\/DSC03775-1140x855.jpg 1140w\" sizes=\"auto, (max-width: 1024px) 100vw, 1024px\" \/><\/figure>\n\n\n\n<figure class=\"wp-block-image size-large\"><img loading=\"lazy\" decoding=\"async\" width=\"1024\" height=\"768\" data-id=\"712\" src=\"https:\/\/espanole.ch\/wp-content\/uploads\/2024\/04\/DSC03238-1024x768.jpg\" alt=\"\" class=\"wp-image-712\" srcset=\"https:\/\/espanole.ch\/wp-content\/uploads\/2024\/04\/DSC03238-1024x768.jpg 1024w, https:\/\/espanole.ch\/wp-content\/uploads\/2024\/04\/DSC03238-300x225.jpg 300w, https:\/\/espanole.ch\/wp-content\/uploads\/2024\/04\/DSC03238-768x576.jpg 768w, https:\/\/espanole.ch\/wp-content\/uploads\/2024\/04\/DSC03238-1536x1152.jpg 1536w, https:\/\/espanole.ch\/wp-content\/uploads\/2024\/04\/DSC03238-16x12.jpg 16w, https:\/\/espanole.ch\/wp-content\/uploads\/2024\/04\/DSC03238-1140x855.jpg 1140w, https:\/\/espanole.ch\/wp-content\/uploads\/2024\/04\/DSC03238.jpg 1762w\" sizes=\"auto, (max-width: 1024px) 100vw, 1024px\" \/><\/figure>\n\n\n\n<figure class=\"wp-block-image size-large\"><img loading=\"lazy\" decoding=\"async\" width=\"1024\" height=\"768\" data-id=\"714\" src=\"https:\/\/espanole.ch\/wp-content\/uploads\/2024\/04\/DSC03576-1024x768.jpg\" alt=\"\" class=\"wp-image-714\" srcset=\"https:\/\/espanole.ch\/wp-content\/uploads\/2024\/04\/DSC03576-1024x768.jpg 1024w, https:\/\/espanole.ch\/wp-content\/uploads\/2024\/04\/DSC03576-300x225.jpg 300w, https:\/\/espanole.ch\/wp-content\/uploads\/2024\/04\/DSC03576-768x576.jpg 768w, https:\/\/espanole.ch\/wp-content\/uploads\/2024\/04\/DSC03576-1536x1152.jpg 1536w, https:\/\/espanole.ch\/wp-content\/uploads\/2024\/04\/DSC03576-2048x1536.jpg 2048w, https:\/\/espanole.ch\/wp-content\/uploads\/2024\/04\/DSC03576-16x12.jpg 16w, https:\/\/espanole.ch\/wp-content\/uploads\/2024\/04\/DSC03576-1140x855.jpg 1140w\" sizes=\"auto, (max-width: 1024px) 100vw, 1024px\" \/><\/figure>\n\n\n\n<figure class=\"wp-block-image size-large\"><img loading=\"lazy\" decoding=\"async\" width=\"1024\" height=\"684\" data-id=\"713\" src=\"https:\/\/espanole.ch\/wp-content\/uploads\/2024\/04\/DSC03487-1024x684.jpg\" alt=\"\" class=\"wp-image-713\" srcset=\"https:\/\/espanole.ch\/wp-content\/uploads\/2024\/04\/DSC03487-1024x684.jpg 1024w, https:\/\/espanole.ch\/wp-content\/uploads\/2024\/04\/DSC03487-300x200.jpg 300w, https:\/\/espanole.ch\/wp-content\/uploads\/2024\/04\/DSC03487-768x513.jpg 768w, https:\/\/espanole.ch\/wp-content\/uploads\/2024\/04\/DSC03487-1536x1025.jpg 1536w, https:\/\/espanole.ch\/wp-content\/uploads\/2024\/04\/DSC03487-2048x1367.jpg 2048w, https:\/\/espanole.ch\/wp-content\/uploads\/2024\/04\/DSC03487-18x12.jpg 18w, https:\/\/espanole.ch\/wp-content\/uploads\/2024\/04\/DSC03487-1140x761.jpg 1140w\" sizes=\"auto, (max-width: 1024px) 100vw, 1024px\" \/><\/figure>\n\n\n\n<figure class=\"wp-block-image size-large\"><img loading=\"lazy\" decoding=\"async\" width=\"1024\" height=\"684\" data-id=\"711\" src=\"https:\/\/espanole.ch\/wp-content\/uploads\/2024\/04\/DSC02888-1024x684.jpg\" alt=\"\" class=\"wp-image-711\" srcset=\"https:\/\/espanole.ch\/wp-content\/uploads\/2024\/04\/DSC02888-1024x684.jpg 1024w, https:\/\/espanole.ch\/wp-content\/uploads\/2024\/04\/DSC02888-300x200.jpg 300w, https:\/\/espanole.ch\/wp-content\/uploads\/2024\/04\/DSC02888-768x513.jpg 768w, https:\/\/espanole.ch\/wp-content\/uploads\/2024\/04\/DSC02888-1536x1026.jpg 1536w, https:\/\/espanole.ch\/wp-content\/uploads\/2024\/04\/DSC02888-2048x1367.jpg 2048w, https:\/\/espanole.ch\/wp-content\/uploads\/2024\/04\/DSC02888-18x12.jpg 18w, https:\/\/espanole.ch\/wp-content\/uploads\/2024\/04\/DSC02888-1140x761.jpg 1140w\" sizes=\"auto, (max-width: 1024px) 100vw, 1024px\" \/><\/figure>\n\n\n\n<figure class=\"wp-block-image size-large\"><img loading=\"lazy\" decoding=\"async\" width=\"1024\" height=\"683\" data-id=\"1897\" src=\"https:\/\/espanole.ch\/wp-content\/uploads\/2025\/05\/ibiza-zurich-stand-les-iberiques-6-1024x683.jpg\" alt=\"\" class=\"wp-image-1897\" srcset=\"https:\/\/espanole.ch\/wp-content\/uploads\/2025\/05\/ibiza-zurich-stand-les-iberiques-6-1024x683.jpg 1024w, https:\/\/espanole.ch\/wp-content\/uploads\/2025\/05\/ibiza-zurich-stand-les-iberiques-6-300x200.jpg 300w, https:\/\/espanole.ch\/wp-content\/uploads\/2025\/05\/ibiza-zurich-stand-les-iberiques-6-768x512.jpg 768w, https:\/\/espanole.ch\/wp-content\/uploads\/2025\/05\/ibiza-zurich-stand-les-iberiques-6-1536x1024.jpg 1536w, https:\/\/espanole.ch\/wp-content\/uploads\/2025\/05\/ibiza-zurich-stand-les-iberiques-6-2048x1366.jpg 2048w, https:\/\/espanole.ch\/wp-content\/uploads\/2025\/05\/ibiza-zurich-stand-les-iberiques-6-18x12.jpg 18w, https:\/\/espanole.ch\/wp-content\/uploads\/2025\/05\/ibiza-zurich-stand-les-iberiques-6-1140x760.jpg 1140w\" sizes=\"auto, (max-width: 1024px) 100vw, 1024px\" \/><\/figure>\n\n\n\n<figure class=\"wp-block-image size-large\"><img loading=\"lazy\" decoding=\"async\" width=\"1024\" height=\"683\" data-id=\"1896\" src=\"https:\/\/espanole.ch\/wp-content\/uploads\/2025\/05\/ibiza-zurich-stand-les-iberiques-5-1024x683.jpg\" alt=\"\" class=\"wp-image-1896\" srcset=\"https:\/\/espanole.ch\/wp-content\/uploads\/2025\/05\/ibiza-zurich-stand-les-iberiques-5-1024x683.jpg 1024w, https:\/\/espanole.ch\/wp-content\/uploads\/2025\/05\/ibiza-zurich-stand-les-iberiques-5-300x200.jpg 300w, https:\/\/espanole.ch\/wp-content\/uploads\/2025\/05\/ibiza-zurich-stand-les-iberiques-5-768x512.jpg 768w, https:\/\/espanole.ch\/wp-content\/uploads\/2025\/05\/ibiza-zurich-stand-les-iberiques-5-1536x1024.jpg 1536w, https:\/\/espanole.ch\/wp-content\/uploads\/2025\/05\/ibiza-zurich-stand-les-iberiques-5-2048x1366.jpg 2048w, https:\/\/espanole.ch\/wp-content\/uploads\/2025\/05\/ibiza-zurich-stand-les-iberiques-5-18x12.jpg 18w, https:\/\/espanole.ch\/wp-content\/uploads\/2025\/05\/ibiza-zurich-stand-les-iberiques-5-1140x760.jpg 1140w\" sizes=\"auto, (max-width: 1024px) 100vw, 1024px\" \/><\/figure>\n<\/figure>","protected":false},"excerpt":{"rendered":"","protected":false},"author":1,"featured_media":0,"parent":0,"menu_order":0,"comment_status":"closed","ping_status":"closed","template":"","meta":{"footnotes":""},"folder":[],"class_list":["post-290","page","type-page","status-publish","hentry"],"yoast_head":"<!-- This site is optimized with the Yoast SEO plugin v27.4 - https:\/\/yoast.com\/product\/yoast-seo-wordpress\/ -->\n<title>Medien - Espa\u00f1Ol\u00e9<\/title>\n<meta name=\"robots\" content=\"index, follow, max-snippet:-1, max-image-preview:large, max-video-preview:-1\" \/>\n<link rel=\"canonical\" href=\"https:\/\/espanole.ch\/es\/medien\/\" \/>\n<meta property=\"og:locale\" content=\"es_ES\" \/>\n<meta property=\"og:type\" content=\"article\" \/>\n<meta property=\"og:title\" content=\"Medien - Espa\u00f1Ol\u00e9\" \/>\n<meta property=\"og:url\" content=\"https:\/\/espanole.ch\/es\/medien\/\" \/>\n<meta property=\"og:site_name\" content=\"Espa\u00f1Ol\u00e9\" \/>\n<meta property=\"article:publisher\" content=\"https:\/\/www.facebook.com\/espanolefestival\" \/>\n<meta property=\"article:modified_time\" content=\"2025-05-30T06:47:46+00:00\" \/>\n<meta property=\"og:image\" content=\"https:\/\/espanole.ch\/wp-content\/uploads\/2024\/04\/DSC02348-1024x768.jpg\" \/>\n\t<meta property=\"og:image:width\" content=\"1024\" \/>\n\t<meta property=\"og:image:height\" content=\"768\" \/>\n\t<meta property=\"og:image:type\" content=\"image\/jpeg\" \/>\n<meta name=\"twitter:card\" content=\"summary_large_image\" \/>\n<meta name=\"twitter:label1\" content=\"Tiempo de lectura\" \/>\n\t<meta name=\"twitter:data1\" content=\"4 minutos\" \/>\n<script type=\"application\/ld+json\" class=\"yoast-schema-graph\">{\"@context\":\"https:\\\/\\\/schema.org\",\"@graph\":[{\"@type\":\"WebPage\",\"@id\":\"https:\\\/\\\/espanole.ch\\\/medien\\\/\",\"url\":\"https:\\\/\\\/espanole.ch\\\/medien\\\/\",\"name\":\"Medien - Espa\u00f1Ol\u00e9\",\"isPartOf\":{\"@id\":\"https:\\\/\\\/espanole.ch\\\/#website\"},\"primaryImageOfPage\":{\"@id\":\"https:\\\/\\\/espanole.ch\\\/medien\\\/#primaryimage\"},\"image\":{\"@id\":\"https:\\\/\\\/espanole.ch\\\/medien\\\/#primaryimage\"},\"thumbnailUrl\":\"https:\\\/\\\/espanole.ch\\\/wp-content\\\/uploads\\\/2024\\\/04\\\/DSC02348-1024x768.jpg\",\"datePublished\":\"2024-03-13T22:03:31+00:00\",\"dateModified\":\"2025-05-30T06:47:46+00:00\",\"breadcrumb\":{\"@id\":\"https:\\\/\\\/espanole.ch\\\/medien\\\/#breadcrumb\"},\"inLanguage\":\"es\",\"potentialAction\":[{\"@type\":\"ReadAction\",\"target\":[\"https:\\\/\\\/espanole.ch\\\/medien\\\/\"]}]},{\"@type\":\"ImageObject\",\"inLanguage\":\"es\",\"@id\":\"https:\\\/\\\/espanole.ch\\\/medien\\\/#primaryimage\",\"url\":\"https:\\\/\\\/espanole.ch\\\/wp-content\\\/uploads\\\/2024\\\/04\\\/DSC02348-1024x768.jpg\",\"contentUrl\":\"https:\\\/\\\/espanole.ch\\\/wp-content\\\/uploads\\\/2024\\\/04\\\/DSC02348-1024x768.jpg\"},{\"@type\":\"BreadcrumbList\",\"@id\":\"https:\\\/\\\/espanole.ch\\\/medien\\\/#breadcrumb\",\"itemListElement\":[{\"@type\":\"ListItem\",\"position\":1,\"name\":\"Startseite\",\"item\":\"https:\\\/\\\/espanole.ch\\\/\"},{\"@type\":\"ListItem\",\"position\":2,\"name\":\"Medien\"}]},{\"@type\":\"WebSite\",\"@id\":\"https:\\\/\\\/espanole.ch\\\/#website\",\"url\":\"https:\\\/\\\/espanole.ch\\\/\",\"name\":\"Espa\u00f1Ol\u00e9\",\"description\":\"Welt-Tapas-Tag\",\"publisher\":{\"@id\":\"https:\\\/\\\/espanole.ch\\\/#organization\"},\"potentialAction\":[{\"@type\":\"SearchAction\",\"target\":{\"@type\":\"EntryPoint\",\"urlTemplate\":\"https:\\\/\\\/espanole.ch\\\/?s={search_term_string}\"},\"query-input\":{\"@type\":\"PropertyValueSpecification\",\"valueRequired\":true,\"valueName\":\"search_term_string\"}}],\"inLanguage\":\"es\"},{\"@type\":\"Organization\",\"@id\":\"https:\\\/\\\/espanole.ch\\\/#organization\",\"name\":\"Espa\u00f1Ol\u00e9\",\"url\":\"https:\\\/\\\/espanole.ch\\\/\",\"logo\":{\"@type\":\"ImageObject\",\"inLanguage\":\"es\",\"@id\":\"https:\\\/\\\/espanole.ch\\\/#\\\/schema\\\/logo\\\/image\\\/\",\"url\":\"https:\\\/\\\/espanole.ch\\\/wp-content\\\/uploads\\\/2026\\\/04\\\/EspanOle_Logo-scaled.jpg\",\"contentUrl\":\"https:\\\/\\\/espanole.ch\\\/wp-content\\\/uploads\\\/2026\\\/04\\\/EspanOle_Logo-scaled.jpg\",\"width\":2560,\"height\":1810,\"caption\":\"Espa\u00f1Ol\u00e9\"},\"image\":{\"@id\":\"https:\\\/\\\/espanole.ch\\\/#\\\/schema\\\/logo\\\/image\\\/\"},\"sameAs\":[\"https:\\\/\\\/www.facebook.com\\\/espanolefestival\",\"https:\\\/\\\/www.instagram.com\\\/espanolefestival\\\/\"]}]}<\/script>\n<!-- \/ Yoast SEO plugin. -->","yoast_head_json":{"title":"Medien - Espa\u00f1Ol\u00e9","robots":{"index":"index","follow":"follow","max-snippet":"max-snippet:-1","max-image-preview":"max-image-preview:large","max-video-preview":"max-video-preview:-1"},"canonical":"https:\/\/espanole.ch\/es\/medien\/","og_locale":"es_ES","og_type":"article","og_title":"Medien - Espa\u00f1Ol\u00e9","og_url":"https:\/\/espanole.ch\/es\/medien\/","og_site_name":"Espa\u00f1Ol\u00e9","article_publisher":"https:\/\/www.facebook.com\/espanolefestival","article_modified_time":"2025-05-30T06:47:46+00:00","og_image":[{"width":1024,"height":768,"url":"https:\/\/espanole.ch\/wp-content\/uploads\/2024\/04\/DSC02348-1024x768.jpg","type":"image\/jpeg"}],"twitter_card":"summary_large_image","twitter_misc":{"Tiempo de lectura":"4 minutos"},"schema":{"@context":"https:\/\/schema.org","@graph":[{"@type":"WebPage","@id":"https:\/\/espanole.ch\/medien\/","url":"https:\/\/espanole.ch\/medien\/","name":"Medien - Espa\u00f1Ol\u00e9","isPartOf":{"@id":"https:\/\/espanole.ch\/#website"},"primaryImageOfPage":{"@id":"https:\/\/espanole.ch\/medien\/#primaryimage"},"image":{"@id":"https:\/\/espanole.ch\/medien\/#primaryimage"},"thumbnailUrl":"https:\/\/espanole.ch\/wp-content\/uploads\/2024\/04\/DSC02348-1024x768.jpg","datePublished":"2024-03-13T22:03:31+00:00","dateModified":"2025-05-30T06:47:46+00:00","breadcrumb":{"@id":"https:\/\/espanole.ch\/medien\/#breadcrumb"},"inLanguage":"es","potentialAction":[{"@type":"ReadAction","target":["https:\/\/espanole.ch\/medien\/"]}]},{"@type":"ImageObject","inLanguage":"es","@id":"https:\/\/espanole.ch\/medien\/#primaryimage","url":"https:\/\/espanole.ch\/wp-content\/uploads\/2024\/04\/DSC02348-1024x768.jpg","contentUrl":"https:\/\/espanole.ch\/wp-content\/uploads\/2024\/04\/DSC02348-1024x768.jpg"},{"@type":"BreadcrumbList","@id":"https:\/\/espanole.ch\/medien\/#breadcrumb","itemListElement":[{"@type":"ListItem","position":1,"name":"Startseite","item":"https:\/\/espanole.ch\/"},{"@type":"ListItem","position":2,"name":"Medien"}]},{"@type":"WebSite","@id":"https:\/\/espanole.ch\/#website","url":"https:\/\/espanole.ch\/","name":"Espa\u00f1Ol\u00e9","description":"D\u00eda Mundial de la Tapa","publisher":{"@id":"https:\/\/espanole.ch\/#organization"},"potentialAction":[{"@type":"SearchAction","target":{"@type":"EntryPoint","urlTemplate":"https:\/\/espanole.ch\/?s={search_term_string}"},"query-input":{"@type":"PropertyValueSpecification","valueRequired":true,"valueName":"search_term_string"}}],"inLanguage":"es"},{"@type":"Organization","@id":"https:\/\/espanole.ch\/#organization","name":"Espa\u00f1Ol\u00e9","url":"https:\/\/espanole.ch\/","logo":{"@type":"ImageObject","inLanguage":"es","@id":"https:\/\/espanole.ch\/#\/schema\/logo\/image\/","url":"https:\/\/espanole.ch\/wp-content\/uploads\/2026\/04\/EspanOle_Logo-scaled.jpg","contentUrl":"https:\/\/espanole.ch\/wp-content\/uploads\/2026\/04\/EspanOle_Logo-scaled.jpg","width":2560,"height":1810,"caption":"Espa\u00f1Ol\u00e9"},"image":{"@id":"https:\/\/espanole.ch\/#\/schema\/logo\/image\/"},"sameAs":["https:\/\/www.facebook.com\/espanolefestival","https:\/\/www.instagram.com\/espanolefestival\/"]}]}},"_links":{"self":[{"href":"https:\/\/espanole.ch\/es\/wp-json\/wp\/v2\/pages\/290","targetHints":{"allow":["GET"]}}],"collection":[{"href":"https:\/\/espanole.ch\/es\/wp-json\/wp\/v2\/pages"}],"about":[{"href":"https:\/\/espanole.ch\/es\/wp-json\/wp\/v2\/types\/page"}],"author":[{"embeddable":true,"href":"https:\/\/espanole.ch\/es\/wp-json\/wp\/v2\/users\/1"}],"replies":[{"embeddable":true,"href":"https:\/\/espanole.ch\/es\/wp-json\/wp\/v2\/comments?post=290"}],"version-history":[{"count":7,"href":"https:\/\/espanole.ch\/es\/wp-json\/wp\/v2\/pages\/290\/revisions"}],"predecessor-version":[{"id":1898,"href":"https:\/\/espanole.ch\/es\/wp-json\/wp\/v2\/pages\/290\/revisions\/1898"}],"wp:attachment":[{"href":"https:\/\/espanole.ch\/es\/wp-json\/wp\/v2\/media?parent=290"}],"wp:term":[{"taxonomy":"folder","embeddable":true,"href":"https:\/\/espanole.ch\/es\/wp-json\/wp\/v2\/folder?post=290"}],"curies":[{"name":"wp","href":"https:\/\/api.w.org\/{rel}","templated":true}]}}