{"id":32,"date":"2023-05-25T08:17:15","date_gmt":"2023-05-25T08:17:15","guid":{"rendered":"https:\/\/espanole.ch\/?page_id=32"},"modified":"2026-04-22T11:27:45","modified_gmt":"2026-04-22T11:27:45","slug":"sponsors","status":"publish","type":"page","link":"https:\/\/espanole.ch\/es\/sponsors\/","title":{"rendered":"Sponsoren \u2013 Espa\u00f1Ol\u00e9 2026"},"content":{"rendered":"<h2 class=\"wp-block-heading has-medium-font-size\">Agradecimientos:<\/h2>\n\n\n\n<p>Estimados\/as patrocinadores\/as, benefactores\/as, participantes y voluntarios\/as,<\/p>\n\n\n\n<p>Queremos expresar nuestro m\u00e1s sincero agradecimiento a todos\/as por vuestro valioso apoyo y participaci\u00f3n en el D\u00eda Mundial de la Tapa y en el Festival de comida Espa\u00f1Ol\u00e9.<\/p>\n\n\n\n<p>Eure Unterst\u00fctzung hat es uns in den letzten Jahren erm\u00f6glicht, dieses unglaubliche Festival zu veranstalten, und auch dieses Jahr werden wir es wieder feiern k\u00f6nnen. Als <strong>AGES<\/strong> (Asociaci\u00f3n Gastron\u00f3mica Espa\u00f1ola en Suiza) ist unser Hauptziel die spanische Gastronomie in der Schweiz zu pr\u00e4sentieren und unterst\u00fctzen.<\/p>\n\n\n\n<p>En primer lugar, muchas gracias a nuestros valiosos patrocinadores, sin los cuales este Festival no habr\u00eda sido posible. Gracias a su apoyo financiero, pudimos crear la infraestructura para ofrecer a los visitantes una experiencia aut\u00e9ntica de la cultura espa\u00f1ola. Restauradores incre\u00edbles pudieron ofrecer con orgullo delicias culinarias con ingredientes de alta calidad y una amplia selecci\u00f3n.<\/p>\n\n\n\n<p>Un agradecimiento a todos los participantes del a\u00f1o pasado, y ahora, esperamos que de este nuevo a\u00f1o. Con vuestra experiencia y pasi\u00f3n, hab\u00e9is hecho una enorme aportaci\u00f3n al Festival de comida espa\u00f1ola. Vuestras presentaciones creativas con sabores \u00fanicos  a trav\u00e9s de las tapas, las paellas y bebidas, dejaron encantados a todos. Es impresionante ver el amor y la pasi\u00f3n detr\u00e1s de la cocina espa\u00f1ola, que se pudo  saborear a trav\u00e9s de esos  productos finales.&nbsp;<\/p>\n\n\n\n<p>Tambi\u00e9n muchas gracias a todos nuestros dedicados voluntarios. Vuestro tiempo, energ\u00eda y entusiasmo aseguraron y simplificaron el buen funcionamiento del Festival. Desde la organizaci\u00f3n hasta la log\u00edstica, y el apoyo a los visitantes, fueron una contribuci\u00f3n muy importante. Vuestro compromiso y alegr\u00eda hicieron del festival un evento c\u00e1lido y acogedor.&nbsp;<\/p>\n\n\n\n<p>Estamos profundamente agradecidos por vuestro apoyo, y esperamos organizar m\u00e1s eventos juntos en el futuro. \u00a1Sin vosotros no existir\u00eda Espa\u00f1Ol\u00e9!<\/p>\n\n\n\n<div style=\"height:42px\" aria-hidden=\"true\" class=\"wp-block-spacer\"><\/div>\n\n\n\n<h1 class=\"wp-block-heading has-text-align-center has-vivid-red-color has-text-color has-link-color wp-elements-40871255d47a32c65020c57b6fe500cf\">Patrocinadores<\/h1>\n\n\n\n<figure class=\"wp-block-gallery has-nested-images columns-3 wp-block-gallery-1 is-layout-flex wp-block-gallery-is-layout-flex\">\n<figure class=\"wp-block-image size-full is-style-default\"><img loading=\"lazy\" decoding=\"async\" width=\"1920\" height=\"1080\" data-id=\"2167\" src=\"https:\/\/espanole.ch\/wp-content\/uploads\/2026\/04\/hauptpartner.webp\" alt=\"\" class=\"wp-image-2167\" srcset=\"https:\/\/espanole.ch\/wp-content\/uploads\/2026\/04\/hauptpartner.webp 1920w, https:\/\/espanole.ch\/wp-content\/uploads\/2026\/04\/hauptpartner-300x169.webp 300w, https:\/\/espanole.ch\/wp-content\/uploads\/2026\/04\/hauptpartner-1024x576.webp 1024w, https:\/\/espanole.ch\/wp-content\/uploads\/2026\/04\/hauptpartner-768x432.webp 768w, https:\/\/espanole.ch\/wp-content\/uploads\/2026\/04\/hauptpartner-1536x864.webp 1536w, https:\/\/espanole.ch\/wp-content\/uploads\/2026\/04\/hauptpartner-18x10.webp 18w, https:\/\/espanole.ch\/wp-content\/uploads\/2026\/04\/hauptpartner-1140x641.webp 1140w\" sizes=\"auto, (max-width: 1920px) 100vw, 1920px\" \/><\/figure>\n<\/figure>\n\n\n\n<h1 class=\"wp-block-heading has-text-align-center has-vivid-red-color has-text-color has-link-color wp-elements-d5ac9671d582c0cf44d33a041a62d158\">Partner&#8217;s &amp; G\u00f6nner<\/h1>\n\n\n\n<div class=\"wp-block-columns are-vertically-aligned-center is-layout-flex wp-container-core-columns-is-layout-28f84493 wp-block-columns-is-layout-flex\">\n<div class=\"wp-block-column is-vertically-aligned-center is-layout-flow wp-block-column-is-layout-flow\" style=\"flex-basis:100%\"><div class=\"wp-block-image\">\n<figure class=\"aligncenter size-full\"><img loading=\"lazy\" decoding=\"async\" width=\"1920\" height=\"1080\" src=\"https:\/\/espanole.ch\/wp-content\/uploads\/2026\/04\/Logos-Tombola.webp\" alt=\"\" class=\"wp-image-2168\" style=\"object-fit:cover\" srcset=\"https:\/\/espanole.ch\/wp-content\/uploads\/2026\/04\/Logos-Tombola.webp 1920w, https:\/\/espanole.ch\/wp-content\/uploads\/2026\/04\/Logos-Tombola-300x169.webp 300w, https:\/\/espanole.ch\/wp-content\/uploads\/2026\/04\/Logos-Tombola-1024x576.webp 1024w, https:\/\/espanole.ch\/wp-content\/uploads\/2026\/04\/Logos-Tombola-768x432.webp 768w, https:\/\/espanole.ch\/wp-content\/uploads\/2026\/04\/Logos-Tombola-1536x864.webp 1536w, https:\/\/espanole.ch\/wp-content\/uploads\/2026\/04\/Logos-Tombola-18x10.webp 18w, https:\/\/espanole.ch\/wp-content\/uploads\/2026\/04\/Logos-Tombola-1140x641.webp 1140w\" sizes=\"auto, (max-width: 1920px) 100vw, 1920px\" \/><\/figure>\n<\/div><\/div>\n<\/div>","protected":false},"excerpt":{"rendered":"<p>Danke \u2013 Gracias! Sehr geehrte SponsorInnen, G\u00f6nnerInnen, TeilnehmerInnen und Freiwillige, Wir m\u00f6chten Euch allen unseren aufrichtigen Dank f\u00fcr Eure wertvolle Unterst\u00fctzung und Beteiligung am Welt-Tapas-Tag und des Espa\u00f1Ol\u00e9 Street Food Festivals. Eure Unterst\u00fctzung hat es uns in den letzten Jahren erm\u00f6glicht, dieses unglaubliche Festival zu veranstalten, und auch dieses Jahr werden wir es wieder feiern k\u00f6nnen. Als AGES (Asociaci\u00f3n Gastron\u00f3mica Espa\u00f1ola en Suiza) ist unser Hauptziel die spanische Gastronomie in der Schweiz zu pr\u00e4sentieren und unterst\u00fctzen. Prim\u00e4r ein grosses Dankesch\u00f6n an unsere gesch\u00e4tzten Sponsoren, ohne jene es nicht m\u00f6glich w\u00e4re, dieses Festival zu Stande zu bringen. Durch Eure finanzielle Unterst\u00fctzung konnten wir die Infrastrukturen schaffen, um den Besuchern ein authentisches Erlebnis der spanischen Kultur zu bieten. Beindruckende Gastronomen konnten hiermit mit qualitativ hochwertigen Zutaten und einem breiten Angebot stolz kulinarische K\u00f6stlichkeiten anbieten. Ein Danke an alle Teilnehmer vom letzten wie auch jetzt im neuen Jahr. Mit Leidenschaft und Eurem Fachwissen bereichert Ihr unser Street Food Festival. Eure Tapas, Paellas und Getr\u00e4nke verzaubern uns alle mit einzigartigen Aromen und kreativen Pr\u00e4sentationen. Es ist eindrucksvoll zu sehen, was f\u00fcr eine Liebe und Leidenschaft hinter der spanischen K\u00fcche steckt, welches man durch Eure Endprodukte kosten kann.&nbsp; Auch ein herzliches Danke an alle unseren engagierten Freiwilligen. Eure Zeit, Energie und Begeisterung gew\u00e4hrleisten und vereinfachen den reibungslosen Ablauf des Festivals. Von der Organisation, \u00fcber die Logistik, bis hin zur Betreuung der Besucher \u2013 Ihr habt einen sehr bedeutsamen Beitrag geleistet. Durch Euren Engagement und Freude ist das Festival zu einer warmherzigen und einladenden Veranstaltung geworden.&nbsp; Wir sind zutiefst dankbar f\u00fcr Ihre Unterst\u00fctzung und freuen uns darauf, in Zukunft weitere Veranstaltungen gemeinsam zu organisieren. Ohne Euch gibt es kein Espa\u00f1Ol\u00e9! Herzliche Saludos \u2013 AGES-Team. Sponsoren Partner&#8217;s &amp; G\u00f6nner<\/p>","protected":false},"author":1,"featured_media":0,"parent":0,"menu_order":0,"comment_status":"closed","ping_status":"closed","template":"","meta":{"footnotes":""},"folder":[],"class_list":["post-32","page","type-page","status-publish","hentry"],"yoast_head":"<!-- This site is optimized with the Yoast SEO plugin v27.4 - https:\/\/yoast.com\/product\/yoast-seo-wordpress\/ -->\n<title>Sponsoren \u2013 Espa\u00f1Ol\u00e9 2026 - Espa\u00f1Ol\u00e9<\/title>\n<meta name=\"description\" content=\"Espanole . Welttag der Tapas - Sponsors. Wir danken allen Sponsoren, Teilnehmern und Freiwilligen f\u00fcr ihre Hilfe. Ohne sie w\u00e4re diese Veranstaltung nicht m\u00f6glich gewesen\" \/>\n<meta name=\"robots\" content=\"index, follow, max-snippet:-1, max-image-preview:large, max-video-preview:-1\" \/>\n<link rel=\"canonical\" href=\"https:\/\/espanole.ch\/es\/sponsors\/\" \/>\n<meta property=\"og:locale\" content=\"es_ES\" \/>\n<meta property=\"og:type\" content=\"article\" \/>\n<meta property=\"og:title\" content=\"Sponsoren \u2013 Espa\u00f1Ol\u00e9 2026 - Espa\u00f1Ol\u00e9\" \/>\n<meta property=\"og:description\" content=\"Espanole . Welttag der Tapas - Sponsors. Wir danken allen Sponsoren, Teilnehmern und Freiwilligen f\u00fcr ihre Hilfe. Ohne sie w\u00e4re diese Veranstaltung nicht m\u00f6glich gewesen\" \/>\n<meta property=\"og:url\" content=\"https:\/\/espanole.ch\/es\/sponsors\/\" \/>\n<meta property=\"og:site_name\" content=\"Espa\u00f1Ol\u00e9\" \/>\n<meta property=\"article:publisher\" content=\"https:\/\/www.facebook.com\/espanolefestival\" \/>\n<meta property=\"article:modified_time\" content=\"2026-04-22T11:27:45+00:00\" \/>\n<meta property=\"og:image\" content=\"https:\/\/espanole.ch\/wp-content\/uploads\/2026\/04\/hauptpartner.webp\" \/>\n\t<meta property=\"og:image:width\" content=\"1920\" \/>\n\t<meta property=\"og:image:height\" content=\"1080\" \/>\n\t<meta property=\"og:image:type\" content=\"image\/webp\" \/>\n<meta name=\"twitter:card\" content=\"summary_large_image\" \/>\n<meta name=\"twitter:label1\" content=\"Tiempo de lectura\" \/>\n\t<meta name=\"twitter:data1\" content=\"2 minutos\" \/>\n<script type=\"application\/ld+json\" class=\"yoast-schema-graph\">{\"@context\":\"https:\\\/\\\/schema.org\",\"@graph\":[{\"@type\":\"WebPage\",\"@id\":\"https:\\\/\\\/espanole.ch\\\/sponsors\\\/\",\"url\":\"https:\\\/\\\/espanole.ch\\\/sponsors\\\/\",\"name\":\"Sponsoren \u2013 Espa\u00f1Ol\u00e9 2026 - Espa\u00f1Ol\u00e9\",\"isPartOf\":{\"@id\":\"https:\\\/\\\/espanole.ch\\\/#website\"},\"primaryImageOfPage\":{\"@id\":\"https:\\\/\\\/espanole.ch\\\/sponsors\\\/#primaryimage\"},\"image\":{\"@id\":\"https:\\\/\\\/espanole.ch\\\/sponsors\\\/#primaryimage\"},\"thumbnailUrl\":\"https:\\\/\\\/espanole.ch\\\/wp-content\\\/uploads\\\/2026\\\/04\\\/hauptpartner.webp\",\"datePublished\":\"2023-05-25T08:17:15+00:00\",\"dateModified\":\"2026-04-22T11:27:45+00:00\",\"description\":\"Espanole . Welttag der Tapas - Sponsors. Wir danken allen Sponsoren, Teilnehmern und Freiwilligen f\u00fcr ihre Hilfe. Ohne sie w\u00e4re diese Veranstaltung nicht m\u00f6glich gewesen\",\"breadcrumb\":{\"@id\":\"https:\\\/\\\/espanole.ch\\\/sponsors\\\/#breadcrumb\"},\"inLanguage\":\"es\",\"potentialAction\":[{\"@type\":\"ReadAction\",\"target\":[\"https:\\\/\\\/espanole.ch\\\/sponsors\\\/\"]}]},{\"@type\":\"ImageObject\",\"inLanguage\":\"es\",\"@id\":\"https:\\\/\\\/espanole.ch\\\/sponsors\\\/#primaryimage\",\"url\":\"https:\\\/\\\/espanole.ch\\\/wp-content\\\/uploads\\\/2026\\\/04\\\/hauptpartner.webp\",\"contentUrl\":\"https:\\\/\\\/espanole.ch\\\/wp-content\\\/uploads\\\/2026\\\/04\\\/hauptpartner.webp\"},{\"@type\":\"BreadcrumbList\",\"@id\":\"https:\\\/\\\/espanole.ch\\\/sponsors\\\/#breadcrumb\",\"itemListElement\":[{\"@type\":\"ListItem\",\"position\":1,\"name\":\"Startseite\",\"item\":\"https:\\\/\\\/espanole.ch\\\/\"},{\"@type\":\"ListItem\",\"position\":2,\"name\":\"Sponsoren \u2013 Espa\u00f1Ol\u00e9 2026\"}]},{\"@type\":\"WebSite\",\"@id\":\"https:\\\/\\\/espanole.ch\\\/#website\",\"url\":\"https:\\\/\\\/espanole.ch\\\/\",\"name\":\"Espa\u00f1Ol\u00e9\",\"description\":\"Welt-Tapas-Tag\",\"publisher\":{\"@id\":\"https:\\\/\\\/espanole.ch\\\/#organization\"},\"potentialAction\":[{\"@type\":\"SearchAction\",\"target\":{\"@type\":\"EntryPoint\",\"urlTemplate\":\"https:\\\/\\\/espanole.ch\\\/?s={search_term_string}\"},\"query-input\":{\"@type\":\"PropertyValueSpecification\",\"valueRequired\":true,\"valueName\":\"search_term_string\"}}],\"inLanguage\":\"es\"},{\"@type\":\"Organization\",\"@id\":\"https:\\\/\\\/espanole.ch\\\/#organization\",\"name\":\"Espa\u00f1Ol\u00e9\",\"url\":\"https:\\\/\\\/espanole.ch\\\/\",\"logo\":{\"@type\":\"ImageObject\",\"inLanguage\":\"es\",\"@id\":\"https:\\\/\\\/espanole.ch\\\/#\\\/schema\\\/logo\\\/image\\\/\",\"url\":\"https:\\\/\\\/espanole.ch\\\/wp-content\\\/uploads\\\/2026\\\/04\\\/EspanOle_Logo-scaled.jpg\",\"contentUrl\":\"https:\\\/\\\/espanole.ch\\\/wp-content\\\/uploads\\\/2026\\\/04\\\/EspanOle_Logo-scaled.jpg\",\"width\":2560,\"height\":1810,\"caption\":\"Espa\u00f1Ol\u00e9\"},\"image\":{\"@id\":\"https:\\\/\\\/espanole.ch\\\/#\\\/schema\\\/logo\\\/image\\\/\"},\"sameAs\":[\"https:\\\/\\\/www.facebook.com\\\/espanolefestival\",\"https:\\\/\\\/www.instagram.com\\\/espanolefestival\\\/\"]}]}<\/script>\n<!-- \/ Yoast SEO plugin. -->","yoast_head_json":{"title":"Sponsoren \u2013 Espa\u00f1Ol\u00e9 2026 - Espa\u00f1Ol\u00e9","description":"Espanole . Welttag der Tapas - Sponsors. Wir danken allen Sponsoren, Teilnehmern und Freiwilligen f\u00fcr ihre Hilfe. Ohne sie w\u00e4re diese Veranstaltung nicht m\u00f6glich gewesen","robots":{"index":"index","follow":"follow","max-snippet":"max-snippet:-1","max-image-preview":"max-image-preview:large","max-video-preview":"max-video-preview:-1"},"canonical":"https:\/\/espanole.ch\/es\/sponsors\/","og_locale":"es_ES","og_type":"article","og_title":"Sponsoren \u2013 Espa\u00f1Ol\u00e9 2026 - Espa\u00f1Ol\u00e9","og_description":"Espanole . Welttag der Tapas - Sponsors. Wir danken allen Sponsoren, Teilnehmern und Freiwilligen f\u00fcr ihre Hilfe. Ohne sie w\u00e4re diese Veranstaltung nicht m\u00f6glich gewesen","og_url":"https:\/\/espanole.ch\/es\/sponsors\/","og_site_name":"Espa\u00f1Ol\u00e9","article_publisher":"https:\/\/www.facebook.com\/espanolefestival","article_modified_time":"2026-04-22T11:27:45+00:00","og_image":[{"width":1920,"height":1080,"url":"https:\/\/espanole.ch\/wp-content\/uploads\/2026\/04\/hauptpartner.webp","type":"image\/webp"}],"twitter_card":"summary_large_image","twitter_misc":{"Tiempo de lectura":"2 minutos"},"schema":{"@context":"https:\/\/schema.org","@graph":[{"@type":"WebPage","@id":"https:\/\/espanole.ch\/sponsors\/","url":"https:\/\/espanole.ch\/sponsors\/","name":"Sponsoren \u2013 Espa\u00f1Ol\u00e9 2026 - Espa\u00f1Ol\u00e9","isPartOf":{"@id":"https:\/\/espanole.ch\/#website"},"primaryImageOfPage":{"@id":"https:\/\/espanole.ch\/sponsors\/#primaryimage"},"image":{"@id":"https:\/\/espanole.ch\/sponsors\/#primaryimage"},"thumbnailUrl":"https:\/\/espanole.ch\/wp-content\/uploads\/2026\/04\/hauptpartner.webp","datePublished":"2023-05-25T08:17:15+00:00","dateModified":"2026-04-22T11:27:45+00:00","description":"Espanole . Welttag der Tapas - Sponsors. Wir danken allen Sponsoren, Teilnehmern und Freiwilligen f\u00fcr ihre Hilfe. Ohne sie w\u00e4re diese Veranstaltung nicht m\u00f6glich gewesen","breadcrumb":{"@id":"https:\/\/espanole.ch\/sponsors\/#breadcrumb"},"inLanguage":"es","potentialAction":[{"@type":"ReadAction","target":["https:\/\/espanole.ch\/sponsors\/"]}]},{"@type":"ImageObject","inLanguage":"es","@id":"https:\/\/espanole.ch\/sponsors\/#primaryimage","url":"https:\/\/espanole.ch\/wp-content\/uploads\/2026\/04\/hauptpartner.webp","contentUrl":"https:\/\/espanole.ch\/wp-content\/uploads\/2026\/04\/hauptpartner.webp"},{"@type":"BreadcrumbList","@id":"https:\/\/espanole.ch\/sponsors\/#breadcrumb","itemListElement":[{"@type":"ListItem","position":1,"name":"Startseite","item":"https:\/\/espanole.ch\/"},{"@type":"ListItem","position":2,"name":"Sponsoren \u2013 Espa\u00f1Ol\u00e9 2026"}]},{"@type":"WebSite","@id":"https:\/\/espanole.ch\/#website","url":"https:\/\/espanole.ch\/","name":"Espa\u00f1Ol\u00e9","description":"D\u00eda Mundial de la Tapa","publisher":{"@id":"https:\/\/espanole.ch\/#organization"},"potentialAction":[{"@type":"SearchAction","target":{"@type":"EntryPoint","urlTemplate":"https:\/\/espanole.ch\/?s={search_term_string}"},"query-input":{"@type":"PropertyValueSpecification","valueRequired":true,"valueName":"search_term_string"}}],"inLanguage":"es"},{"@type":"Organization","@id":"https:\/\/espanole.ch\/#organization","name":"Espa\u00f1Ol\u00e9","url":"https:\/\/espanole.ch\/","logo":{"@type":"ImageObject","inLanguage":"es","@id":"https:\/\/espanole.ch\/#\/schema\/logo\/image\/","url":"https:\/\/espanole.ch\/wp-content\/uploads\/2026\/04\/EspanOle_Logo-scaled.jpg","contentUrl":"https:\/\/espanole.ch\/wp-content\/uploads\/2026\/04\/EspanOle_Logo-scaled.jpg","width":2560,"height":1810,"caption":"Espa\u00f1Ol\u00e9"},"image":{"@id":"https:\/\/espanole.ch\/#\/schema\/logo\/image\/"},"sameAs":["https:\/\/www.facebook.com\/espanolefestival","https:\/\/www.instagram.com\/espanolefestival\/"]}]}},"_links":{"self":[{"href":"https:\/\/espanole.ch\/es\/wp-json\/wp\/v2\/pages\/32","targetHints":{"allow":["GET"]}}],"collection":[{"href":"https:\/\/espanole.ch\/es\/wp-json\/wp\/v2\/pages"}],"about":[{"href":"https:\/\/espanole.ch\/es\/wp-json\/wp\/v2\/types\/page"}],"author":[{"embeddable":true,"href":"https:\/\/espanole.ch\/es\/wp-json\/wp\/v2\/users\/1"}],"replies":[{"embeddable":true,"href":"https:\/\/espanole.ch\/es\/wp-json\/wp\/v2\/comments?post=32"}],"version-history":[{"count":63,"href":"https:\/\/espanole.ch\/es\/wp-json\/wp\/v2\/pages\/32\/revisions"}],"predecessor-version":[{"id":2169,"href":"https:\/\/espanole.ch\/es\/wp-json\/wp\/v2\/pages\/32\/revisions\/2169"}],"wp:attachment":[{"href":"https:\/\/espanole.ch\/es\/wp-json\/wp\/v2\/media?parent=32"}],"wp:term":[{"taxonomy":"folder","embeddable":true,"href":"https:\/\/espanole.ch\/es\/wp-json\/wp\/v2\/folder?post=32"}],"curies":[{"name":"wp","href":"https:\/\/api.w.org\/{rel}","templated":true}]}}