{"id":899,"date":"2024-04-29T09:08:20","date_gmt":"2024-04-29T09:08:20","guid":{"rendered":"https:\/\/espanole.ch\/?page_id=899"},"modified":"2026-03-13T15:46:46","modified_gmt":"2026-03-13T15:46:46","slug":"bierzapfen","status":"publish","type":"page","link":"https:\/\/espanole.ch\/es\/bierzapfen\/","title":{"rendered":"Estrella Galicia Experience"},"content":{"rendered":"<div style=\"height:55px\" aria-hidden=\"true\" class=\"wp-block-spacer\"><\/div>\n\n\n<div class=\"wp-block-image\">\n<figure class=\"aligncenter size-full\"><img loading=\"lazy\" decoding=\"async\" width=\"768\" height=\"435\" src=\"https:\/\/espanole.ch\/wp-content\/uploads\/2024\/04\/Estrella-Bierzapfen.jpg\" alt=\"\" class=\"wp-image-901\" srcset=\"https:\/\/espanole.ch\/wp-content\/uploads\/2024\/04\/Estrella-Bierzapfen.jpg 768w, https:\/\/espanole.ch\/wp-content\/uploads\/2024\/04\/Estrella-Bierzapfen-300x170.jpg 300w, https:\/\/espanole.ch\/wp-content\/uploads\/2024\/04\/Estrella-Bierzapfen-18x10.jpg 18w\" sizes=\"auto, (max-width: 768px) 100vw, 768px\" \/><\/figure>\n<\/div>\n\n\n<div style=\"height:55px\" aria-hidden=\"true\" class=\"wp-block-spacer\"><\/div>\n\n\n\n<p class=\"has-text-align-center\">\ud83c\udf7b \u00a1Participa en el Concurso de Tiraje de Cerveza Estrella de Galicia! \ud83c\udf7b <strong>Tiraje de Cerveza<\/strong> Estrella de Galicia! \ud83c\udf7b<\/p>\n\n\n\n<p class=\"has-text-align-center\">Si eres un amante de la cerveza y dominas el arte de tirar cerveza, \u00a1este concurso es perfecto para ti! \ud83c\udfc6<\/p>\n\n\n\n<p class=\"has-text-align-center translation-block\">\u00bfQu\u00e9 es el Concurso de Tiraje de Cerveza Estrella de Galicia?<\/p>\n\n\n\n<p class=\"has-text-align-center translation-block\">Es un evento que promueve la cultura cervecera y reconoce el trabajo fundamental de la hosteler\u00eda en la distribuci\u00f3n de los productos de Estrella Galicia. Profesionales del sector de sistemas de dispensaci\u00f3n, hosteler\u00eda y del \u00e1mbito hotelero y restaurantero eval\u00faan la calidad, la eficiencia y la rapidez del servicio, as\u00ed como el conocimiento sobre las caracter\u00edsticas de las cervezas servidas.<\/p>\n\n\n\n<p class=\"has-text-align-center\"><strong>\u00bfC\u00f3mo se desarrolla el concurso?<\/strong><\/p>\n\n\n\n<p class=\"has-text-align-center\">Un concurso de tiraje de cerveza es una competici\u00f3n emocionante donde se ponen a prueba las habilidades y conocimientos de los participantes en el arte de tirar la cerveza perfectamente. As\u00ed es c\u00f3mo funciona:<\/p>\n\n\n\n<p class=\"has-text-align-center\"><strong>Inscripci\u00f3n y selecci\u00f3n:<br><\/strong>Los interesados se inscriben en el concurso.<br><br><strong>La evaluaci\u00f3n:<br><\/strong>Los participantes enfrentan un verdadero servicio de cerveza.<br>Los jueces eval\u00faan varios aspectos:<br><strong>Calidad del servicio:<\/strong>\u00bfSe sirve la cerveza correctamente, con suficiente espuma?<br><strong>Rapidez:<\/strong>\u00bfQu\u00e9 tan r\u00e1pido se sirve la cerveza?<br><strong>Conocimiento<\/strong>\u00bfConoce el participante las caracter\u00edsticas de la cerveza que est\u00e1 sirviendo?<br><\/p>\n\n\n\n<p class=\"has-text-align-center\"><strong>Criterios de evaluaci\u00f3n:<\/strong><br><strong>Espuma:<\/strong>La espuma debe ser densa, cremosa y de la altura adecuada.<br><strong>Temperatura:<\/strong>La cerveza debe estar a la temperatura correcta.<br><strong>Limpieza<\/strong>: Higiene y limpieza del grifo y del vaso.<br><strong>Rapidez:<\/strong>Velocidad del servicio sin derrames.<br><strong>Premios<\/strong>Se anunciar\u00e1n pr\u00f3ximamente.<br><br><strong>Promoci\u00f3n de la cultura cervecera:<\/strong><br>Estos concursos no son solo competiciones, sino tambi\u00e9n eventos que promueven la cultura cervecera y la importancia de un buen servicio.<\/p>\n\n\n\n<p class=\"has-text-align-center\"><\/p>\n\n\n\n<p class=\"has-text-align-center\">\u00a1Salud! \ud83c\udf7b<\/p>\n\n\n\n<p><\/p>\n\n\n\n<p class=\"has-text-align-center\"><br><strong>Samstag, 06. Juni (12:00 &#8211; 22:00 Uhr)<\/strong><\/p>\n\n\n\n<p class=\"has-text-align-center\">13:00 Cata de Estrella Galicia 1906 (20 min) + Tiraje de cerveza (15 min)<\/p>\n\n\n\n<p class=\"has-text-align-center\">16:00 Viaje cervecero (En espa\u00f1ol) (25 min) + Tiraje de cerveza (15 min)<\/p>\n\n\n\n<p class=\"has-text-align-center\">18:00 Cata de Estrella Galicia 1906 (20 Min) + Tiraje de cerveza (15 Min)<\/p>\n\n\n\n<p class=\"has-text-align-center\">20:00 Tiraje de cerveza (15 min)<\/p>\n\n\n\n<p><\/p>\n\n\n\n<p class=\"has-text-align-center\"><strong>Sonntag,07. Juni (11:00 &#8211; 20:00 Uhr)<\/strong><\/p>\n\n\n\n<p class=\"has-text-align-center\">13:00 Cata de Estrella Galicia 1906 (20 min) + Tiraje de cerveza (15 min)<\/p>\n\n\n\n<p class=\"has-text-align-center\">15:00 Viaje cervecero (en ingl\u00e9s) (25 Min) + Tiraje de cerveza (15 Min)<\/p>\n\n\n\n<p class=\"has-text-align-center\">17:00 Cata de Estrella Galicia 1906 (20 Min) + Tiraje de cerveza (15 Min)<\/p>\n\n\n\n<p class=\"has-text-align-center\">19:00 Tiraje de cerveza (15 min)<br><br><\/p>\n\n\n\n<div style=\"height:50px\" aria-hidden=\"true\" class=\"wp-block-spacer\"><\/div>\n\n\n\n<div class=\"wpcf7 no-js\" id=\"wpcf7-f968-o1\" lang=\"de-DE\" dir=\"ltr\" data-wpcf7-id=\"968\">\n<div class=\"screen-reader-response\"><p role=\"status\" aria-live=\"polite\" aria-atomic=\"true\"><\/p> <ul><\/ul><\/div>\n<form action=\"\/es\/wp-json\/wp\/v2\/pages\/899#wpcf7-f968-o1\" method=\"post\" class=\"wpcf7-form init\" aria-label=\"Kontaktformular\" novalidate=\"novalidate\" data-status=\"init\" data-trp-original-action=\"\/es\/wp-json\/wp\/v2\/pages\/899#wpcf7-f968-o1\">\n<fieldset class=\"hidden-fields-container\"><input type=\"hidden\" name=\"_wpcf7\" value=\"968\" \/><input type=\"hidden\" name=\"_wpcf7_version\" value=\"6.1.5\" \/><input type=\"hidden\" name=\"_wpcf7_locale\" value=\"de_DE\" \/><input type=\"hidden\" name=\"_wpcf7_unit_tag\" value=\"wpcf7-f968-o1\" \/><input type=\"hidden\" name=\"_wpcf7_container_post\" value=\"0\" \/><input type=\"hidden\" name=\"_wpcf7_posted_data_hash\" value=\"\" \/><input type=\"hidden\" name=\"_wpcf7_recaptcha_response\" value=\"\" \/>\n<\/fieldset>\n<p><label> Nombre<br \/>\n<span class=\"wpcf7-form-control-wrap\" data-name=\"your-name\"><input size=\"40\" maxlength=\"400\" class=\"wpcf7-form-control wpcf7-text wpcf7-validates-as-required\" autocomplete=\"name\" aria-required=\"true\" aria-invalid=\"false\" value=\"\" type=\"text\" name=\"your-name\" \/><\/span> <\/label>\n<\/p>\n<p><label> E-mail<br \/>\n<span class=\"wpcf7-form-control-wrap\" data-name=\"your-email\"><input size=\"40\" maxlength=\"400\" class=\"wpcf7-form-control wpcf7-email wpcf7-validates-as-required wpcf7-text wpcf7-validates-as-email\" autocomplete=\"email\" aria-required=\"true\" aria-invalid=\"false\" value=\"\" type=\"email\" name=\"your-email\" \/><\/span> <\/label>\n<\/p>\n<p><label> Asunto<br \/>\n<span class=\"wpcf7-form-control-wrap\" data-name=\"your-subject\"><input size=\"40\" maxlength=\"400\" class=\"wpcf7-form-control wpcf7-text wpcf7-validates-as-required\" aria-required=\"true\" aria-invalid=\"false\" value=\"\" type=\"text\" name=\"your-subject\" \/><\/span> <\/label>\n<\/p>\n<p><label> \u00bfQuieres participar en el evento? <\/label>\n<\/p>\n<p><span class=\"wpcf7-form-control-wrap\" data-name=\"your-choice\"><span class=\"wpcf7-form-control wpcf7-checkbox\"><span class=\"wpcf7-list-item first last\"><input type=\"checkbox\" name=\"your-choice[]\" value=\"Bierzapfen-Wettbewerb\" \/><span class=\"wpcf7-list-item-label\">Bierzapfen-Wettbewerb<\/span><\/span><\/span><\/span><br \/>\n<span class=\"wpcf7-form-control-wrap\" data-name=\"checkbox-748\"><span class=\"wpcf7-form-control wpcf7-checkbox\"><span class=\"wpcf7-list-item first last\"><label><input type=\"checkbox\" name=\"checkbox-748[]\" value=\"Beer Trip\" \/><span class=\"wpcf7-list-item-label\">Beer Trip<\/span><\/label><\/span><\/span><\/span><br \/>\n<span class=\"wpcf7-form-control-wrap\" data-name=\"checkbox-748\"><span class=\"wpcf7-form-control wpcf7-checkbox\"><span class=\"wpcf7-list-item first last\"><label><input type=\"checkbox\" name=\"checkbox-748[]\" value=\"Verkostung von Estrella Galicia 1906\" \/><span class=\"wpcf7-list-item-label\">Verkostung von Estrella Galicia 1906<\/span><\/label><\/span><\/span><\/span>\n<\/p>\n<div style=\"margin-bottom: 20px;\">\n<\/div>\n<p><label> Escr\u00edbenos (Opcional)<br \/>\n<span class=\"wpcf7-form-control-wrap\" data-name=\"your-message\"><textarea cols=\"40\" rows=\"10\" maxlength=\"2000\" class=\"wpcf7-form-control wpcf7-textarea\" aria-invalid=\"false\" name=\"your-message\"><\/textarea><\/span> <\/label>\n<\/p>\n<p><input class=\"wpcf7-form-control wpcf7-submit has-spinner\" type=\"submit\" value=\"Enviar\" \/>\n<\/p><div class=\"wpcf7-response-output\" aria-hidden=\"true\"><\/div>\n<input type=\"hidden\" name=\"trp-form-language\" value=\"es\"\/><\/form>\n<\/div>","protected":false},"excerpt":{"rendered":"<p>\ud83c\udf7b Mach mit bei den Bierzapfen Wettbewerb Estrella de Galicia! \ud83c\udf7b Wenn du ein Bierliebhaber bist und die Kunst des Bierzapfens beherrschst, dann ist dieser Wettbewerb genau das Richtige f\u00fcr dich! \ud83c\udfc6 Was sind die Bierzapfen Wettbewerb Estrella de Galicia? Es handelt sich um eine Veranstaltung zur F\u00f6rderung der Bierkultur und zur Anerkennung der grundlegenden Arbeit der Gastronomie beim Vertrieb der Produkte von Estrella Galicia. Fachleute aus dem Bereich der Schankanlagen, der Gastronomie und des Hotel- und Gastst\u00e4ttengewerbes bewerten die Qualit\u00e4t, die Effizienz und die Schnelligkeit der Bedienung sowie die Kenntnisse \u00fcber die Eigenschaften der ausgeschenkten Biere. Wie l\u00e4uft der Wettbewerb ab? Ein Bierzapfwettbewerb ist ein spannender Wettbewerb, bei dem die F\u00e4higkeiten und Kenntnisse der Teilnehmer in der Kunst des perfekten Bierzapfens auf die Probe gestellt werden. Und so funktioniert es: Anmeldung und Auswahl:Interessierte melden sich zum Wettbewerb an. Die Bewertung:Die Teilnehmer werden mit einem echten Bierausschank konfrontiert.Die Juroren bewerten verschiedene Aspekte:Qualit\u00e4t des Einschenkens: Wird das Bier richtig eingeschenkt, mit gen\u00fcgend Schaum?Schnelligkeit: Wie schnell wird das Bier ausgeschenkt?Wissen: Kennt der Teilnehmer die Eigenschaften des Biers, das er ausschenkt? BewertungskriterienSchaum: Der Schaum sollte dicht, cremig und in der richtigen H\u00f6he sein.Temperatur: Das Bier muss die richtige Temperatur haben.Sauberkeit: Hygiene und Sauberkeit des Zapfhahns und des Glases.Schnelligkeit: Schnelligkeit des Ausschanks ohne Versch\u00fctten.Preise: Wird demn\u00e4chst bekannt gegeben F\u00f6rderung der Bierkultur:Diese Wettbewerbe sind nicht nur Wettbewerbe, sondern auch Veranstaltungen zur F\u00f6rderung der Bierkultur und der Bedeutung des richtigen Einschenkens. Prost! \ud83c\udf7b Samstag, 06. Juni (12:00 &#8211; 22:00 Uhr) 13:00 Verkostung von Estrella Galicia 1906 (20 Min) + Bierzapfen (15 Min) 16:00 Bierreise (Auf Spanisch) (25 Min) + Bierzapfen (15 Min) 18:00 Verkostung von Estrella Galicia 1906 (20 Min) + Bierzapfen (15 Min) 20:00 Bierzapfen (15 Min) Sonntag,07. Juni (11:00 &#8211; 20:00 Uhr) 13:00 Verkostung von Estrella Galicia 1906 (20 Min) + Bierzapfen (15 Min) 15:00 Bierreise (Auf Englisch) (25 Min) + Bierzapfen (15 Min) 17:00 Verkostung von Estrella Galicia 1906 (20 Min) + Bierzapfen (15 Min) 19:00 Bierzapfen (15 Min)<\/p>","protected":false},"author":1,"featured_media":0,"parent":0,"menu_order":0,"comment_status":"closed","ping_status":"closed","template":"","meta":{"footnotes":""},"folder":[],"class_list":["post-899","page","type-page","status-publish","hentry"],"yoast_head":"<!-- This site is optimized with the Yoast SEO plugin v27.4 - https:\/\/yoast.com\/product\/yoast-seo-wordpress\/ -->\n<title>Estrella Galicia Experience - Espa\u00f1Ol\u00e9<\/title>\n<meta name=\"robots\" content=\"index, follow, max-snippet:-1, max-image-preview:large, max-video-preview:-1\" \/>\n<link rel=\"canonical\" href=\"https:\/\/espanole.ch\/es\/bierzapfen\/\" \/>\n<meta property=\"og:locale\" content=\"es_ES\" \/>\n<meta property=\"og:type\" content=\"article\" \/>\n<meta property=\"og:title\" content=\"Estrella Galicia Experience - Espa\u00f1Ol\u00e9\" \/>\n<meta property=\"og:description\" content=\"\ud83c\udf7b Mach mit bei den Bierzapfen Wettbewerb Estrella de Galicia! \ud83c\udf7b Wenn du ein Bierliebhaber bist und die Kunst des Bierzapfens beherrschst, dann ist dieser Wettbewerb genau das Richtige f\u00fcr dich! \ud83c\udfc6 Was sind die Bierzapfen Wettbewerb Estrella de Galicia? Es handelt sich um eine Veranstaltung zur F\u00f6rderung der Bierkultur und zur Anerkennung der grundlegenden Arbeit der Gastronomie beim Vertrieb der Produkte von Estrella Galicia. Fachleute aus dem Bereich der Schankanlagen, der Gastronomie und des Hotel- und Gastst\u00e4ttengewerbes bewerten die Qualit\u00e4t, die Effizienz und die Schnelligkeit der Bedienung sowie die Kenntnisse \u00fcber die Eigenschaften der ausgeschenkten Biere. Wie l\u00e4uft der Wettbewerb ab? Ein Bierzapfwettbewerb ist ein spannender Wettbewerb, bei dem die F\u00e4higkeiten und Kenntnisse der Teilnehmer in der Kunst des perfekten Bierzapfens auf die Probe gestellt werden. Und so funktioniert es: Anmeldung und Auswahl:Interessierte melden sich zum Wettbewerb an. Die Bewertung:Die Teilnehmer werden mit einem echten Bierausschank konfrontiert.Die Juroren bewerten verschiedene Aspekte:Qualit\u00e4t des Einschenkens: Wird das Bier richtig eingeschenkt, mit gen\u00fcgend Schaum?Schnelligkeit: Wie schnell wird das Bier ausgeschenkt?Wissen: Kennt der Teilnehmer die Eigenschaften des Biers, das er ausschenkt? BewertungskriterienSchaum: Der Schaum sollte dicht, cremig und in der richtigen H\u00f6he sein.Temperatur: Das Bier muss die richtige Temperatur haben.Sauberkeit: Hygiene und Sauberkeit des Zapfhahns und des Glases.Schnelligkeit: Schnelligkeit des Ausschanks ohne Versch\u00fctten.Preise: Wird demn\u00e4chst bekannt gegeben F\u00f6rderung der Bierkultur:Diese Wettbewerbe sind nicht nur Wettbewerbe, sondern auch Veranstaltungen zur F\u00f6rderung der Bierkultur und der Bedeutung des richtigen Einschenkens. Prost! \ud83c\udf7b Samstag, 06. Juni (12:00 &#8211; 22:00 Uhr) 13:00 Verkostung von Estrella Galicia 1906 (20 Min) + Bierzapfen (15 Min) 16:00 Bierreise (Auf Spanisch) (25 Min) + Bierzapfen (15 Min) 18:00 Verkostung von Estrella Galicia 1906 (20 Min) + Bierzapfen (15 Min) 20:00 Bierzapfen (15 Min) Sonntag,07. Juni (11:00 &#8211; 20:00 Uhr) 13:00 Verkostung von Estrella Galicia 1906 (20 Min) + Bierzapfen (15 Min) 15:00 Bierreise (Auf Englisch) (25 Min) + Bierzapfen (15 Min) 17:00 Verkostung von Estrella Galicia 1906 (20 Min) + Bierzapfen (15 Min) 19:00 Bierzapfen (15 Min)\" \/>\n<meta property=\"og:url\" content=\"https:\/\/espanole.ch\/es\/bierzapfen\/\" \/>\n<meta property=\"og:site_name\" content=\"Espa\u00f1Ol\u00e9\" \/>\n<meta property=\"article:publisher\" content=\"https:\/\/www.facebook.com\/espanolefestival\" \/>\n<meta property=\"article:modified_time\" content=\"2026-03-13T15:46:46+00:00\" \/>\n<meta property=\"og:image\" content=\"https:\/\/espanole.ch\/wp-content\/uploads\/2024\/04\/Estrella-Bierzapfen.jpg\" \/>\n\t<meta property=\"og:image:width\" content=\"768\" \/>\n\t<meta property=\"og:image:height\" content=\"435\" \/>\n\t<meta property=\"og:image:type\" content=\"image\/jpeg\" \/>\n<meta name=\"twitter:card\" content=\"summary_large_image\" \/>\n<meta name=\"twitter:label1\" content=\"Tiempo de lectura\" \/>\n\t<meta name=\"twitter:data1\" content=\"2 minutos\" \/>\n<script type=\"application\/ld+json\" class=\"yoast-schema-graph\">{\"@context\":\"https:\\\/\\\/schema.org\",\"@graph\":[{\"@type\":\"WebPage\",\"@id\":\"https:\\\/\\\/espanole.ch\\\/bierzapfen\\\/\",\"url\":\"https:\\\/\\\/espanole.ch\\\/bierzapfen\\\/\",\"name\":\"Estrella Galicia Experience - Espa\u00f1Ol\u00e9\",\"isPartOf\":{\"@id\":\"https:\\\/\\\/espanole.ch\\\/#website\"},\"primaryImageOfPage\":{\"@id\":\"https:\\\/\\\/espanole.ch\\\/bierzapfen\\\/#primaryimage\"},\"image\":{\"@id\":\"https:\\\/\\\/espanole.ch\\\/bierzapfen\\\/#primaryimage\"},\"thumbnailUrl\":\"https:\\\/\\\/espanole.ch\\\/wp-content\\\/uploads\\\/2024\\\/04\\\/Estrella-Bierzapfen.jpg\",\"datePublished\":\"2024-04-29T09:08:20+00:00\",\"dateModified\":\"2026-03-13T15:46:46+00:00\",\"breadcrumb\":{\"@id\":\"https:\\\/\\\/espanole.ch\\\/bierzapfen\\\/#breadcrumb\"},\"inLanguage\":\"es\",\"potentialAction\":[{\"@type\":\"ReadAction\",\"target\":[\"https:\\\/\\\/espanole.ch\\\/bierzapfen\\\/\"]}]},{\"@type\":\"ImageObject\",\"inLanguage\":\"es\",\"@id\":\"https:\\\/\\\/espanole.ch\\\/bierzapfen\\\/#primaryimage\",\"url\":\"https:\\\/\\\/espanole.ch\\\/wp-content\\\/uploads\\\/2024\\\/04\\\/Estrella-Bierzapfen.jpg\",\"contentUrl\":\"https:\\\/\\\/espanole.ch\\\/wp-content\\\/uploads\\\/2024\\\/04\\\/Estrella-Bierzapfen.jpg\"},{\"@type\":\"BreadcrumbList\",\"@id\":\"https:\\\/\\\/espanole.ch\\\/bierzapfen\\\/#breadcrumb\",\"itemListElement\":[{\"@type\":\"ListItem\",\"position\":1,\"name\":\"Startseite\",\"item\":\"https:\\\/\\\/espanole.ch\\\/\"},{\"@type\":\"ListItem\",\"position\":2,\"name\":\"Estrella Galicia Experience\"}]},{\"@type\":\"WebSite\",\"@id\":\"https:\\\/\\\/espanole.ch\\\/#website\",\"url\":\"https:\\\/\\\/espanole.ch\\\/\",\"name\":\"Espa\u00f1Ol\u00e9\",\"description\":\"Welt-Tapas-Tag\",\"publisher\":{\"@id\":\"https:\\\/\\\/espanole.ch\\\/#organization\"},\"potentialAction\":[{\"@type\":\"SearchAction\",\"target\":{\"@type\":\"EntryPoint\",\"urlTemplate\":\"https:\\\/\\\/espanole.ch\\\/?s={search_term_string}\"},\"query-input\":{\"@type\":\"PropertyValueSpecification\",\"valueRequired\":true,\"valueName\":\"search_term_string\"}}],\"inLanguage\":\"es\"},{\"@type\":\"Organization\",\"@id\":\"https:\\\/\\\/espanole.ch\\\/#organization\",\"name\":\"Espa\u00f1Ol\u00e9\",\"url\":\"https:\\\/\\\/espanole.ch\\\/\",\"logo\":{\"@type\":\"ImageObject\",\"inLanguage\":\"es\",\"@id\":\"https:\\\/\\\/espanole.ch\\\/#\\\/schema\\\/logo\\\/image\\\/\",\"url\":\"https:\\\/\\\/espanole.ch\\\/wp-content\\\/uploads\\\/2026\\\/04\\\/EspanOle_Logo-scaled.jpg\",\"contentUrl\":\"https:\\\/\\\/espanole.ch\\\/wp-content\\\/uploads\\\/2026\\\/04\\\/EspanOle_Logo-scaled.jpg\",\"width\":2560,\"height\":1810,\"caption\":\"Espa\u00f1Ol\u00e9\"},\"image\":{\"@id\":\"https:\\\/\\\/espanole.ch\\\/#\\\/schema\\\/logo\\\/image\\\/\"},\"sameAs\":[\"https:\\\/\\\/www.facebook.com\\\/espanolefestival\",\"https:\\\/\\\/www.instagram.com\\\/espanolefestival\\\/\"]}]}<\/script>\n<!-- \/ Yoast SEO plugin. -->","yoast_head_json":{"title":"Estrella Galicia Experience - Espa\u00f1Ol\u00e9","robots":{"index":"index","follow":"follow","max-snippet":"max-snippet:-1","max-image-preview":"max-image-preview:large","max-video-preview":"max-video-preview:-1"},"canonical":"https:\/\/espanole.ch\/es\/bierzapfen\/","og_locale":"es_ES","og_type":"article","og_title":"Estrella Galicia Experience - Espa\u00f1Ol\u00e9","og_description":"\ud83c\udf7b Mach mit bei den Bierzapfen Wettbewerb Estrella de Galicia! \ud83c\udf7b Wenn du ein Bierliebhaber bist und die Kunst des Bierzapfens beherrschst, dann ist dieser Wettbewerb genau das Richtige f\u00fcr dich! \ud83c\udfc6 Was sind die Bierzapfen Wettbewerb Estrella de Galicia? Es handelt sich um eine Veranstaltung zur F\u00f6rderung der Bierkultur und zur Anerkennung der grundlegenden Arbeit der Gastronomie beim Vertrieb der Produkte von Estrella Galicia. Fachleute aus dem Bereich der Schankanlagen, der Gastronomie und des Hotel- und Gastst\u00e4ttengewerbes bewerten die Qualit\u00e4t, die Effizienz und die Schnelligkeit der Bedienung sowie die Kenntnisse \u00fcber die Eigenschaften der ausgeschenkten Biere. Wie l\u00e4uft der Wettbewerb ab? Ein Bierzapfwettbewerb ist ein spannender Wettbewerb, bei dem die F\u00e4higkeiten und Kenntnisse der Teilnehmer in der Kunst des perfekten Bierzapfens auf die Probe gestellt werden. Und so funktioniert es: Anmeldung und Auswahl:Interessierte melden sich zum Wettbewerb an. Die Bewertung:Die Teilnehmer werden mit einem echten Bierausschank konfrontiert.Die Juroren bewerten verschiedene Aspekte:Qualit\u00e4t des Einschenkens: Wird das Bier richtig eingeschenkt, mit gen\u00fcgend Schaum?Schnelligkeit: Wie schnell wird das Bier ausgeschenkt?Wissen: Kennt der Teilnehmer die Eigenschaften des Biers, das er ausschenkt? BewertungskriterienSchaum: Der Schaum sollte dicht, cremig und in der richtigen H\u00f6he sein.Temperatur: Das Bier muss die richtige Temperatur haben.Sauberkeit: Hygiene und Sauberkeit des Zapfhahns und des Glases.Schnelligkeit: Schnelligkeit des Ausschanks ohne Versch\u00fctten.Preise: Wird demn\u00e4chst bekannt gegeben F\u00f6rderung der Bierkultur:Diese Wettbewerbe sind nicht nur Wettbewerbe, sondern auch Veranstaltungen zur F\u00f6rderung der Bierkultur und der Bedeutung des richtigen Einschenkens. Prost! \ud83c\udf7b Samstag, 06. Juni (12:00 &#8211; 22:00 Uhr) 13:00 Verkostung von Estrella Galicia 1906 (20 Min) + Bierzapfen (15 Min) 16:00 Bierreise (Auf Spanisch) (25 Min) + Bierzapfen (15 Min) 18:00 Verkostung von Estrella Galicia 1906 (20 Min) + Bierzapfen (15 Min) 20:00 Bierzapfen (15 Min) Sonntag,07. Juni (11:00 &#8211; 20:00 Uhr) 13:00 Verkostung von Estrella Galicia 1906 (20 Min) + Bierzapfen (15 Min) 15:00 Bierreise (Auf Englisch) (25 Min) + Bierzapfen (15 Min) 17:00 Verkostung von Estrella Galicia 1906 (20 Min) + Bierzapfen (15 Min) 19:00 Bierzapfen (15 Min)","og_url":"https:\/\/espanole.ch\/es\/bierzapfen\/","og_site_name":"Espa\u00f1Ol\u00e9","article_publisher":"https:\/\/www.facebook.com\/espanolefestival","article_modified_time":"2026-03-13T15:46:46+00:00","og_image":[{"width":768,"height":435,"url":"https:\/\/espanole.ch\/wp-content\/uploads\/2024\/04\/Estrella-Bierzapfen.jpg","type":"image\/jpeg"}],"twitter_card":"summary_large_image","twitter_misc":{"Tiempo de lectura":"2 minutos"},"schema":{"@context":"https:\/\/schema.org","@graph":[{"@type":"WebPage","@id":"https:\/\/espanole.ch\/bierzapfen\/","url":"https:\/\/espanole.ch\/bierzapfen\/","name":"Estrella Galicia Experience - Espa\u00f1Ol\u00e9","isPartOf":{"@id":"https:\/\/espanole.ch\/#website"},"primaryImageOfPage":{"@id":"https:\/\/espanole.ch\/bierzapfen\/#primaryimage"},"image":{"@id":"https:\/\/espanole.ch\/bierzapfen\/#primaryimage"},"thumbnailUrl":"https:\/\/espanole.ch\/wp-content\/uploads\/2024\/04\/Estrella-Bierzapfen.jpg","datePublished":"2024-04-29T09:08:20+00:00","dateModified":"2026-03-13T15:46:46+00:00","breadcrumb":{"@id":"https:\/\/espanole.ch\/bierzapfen\/#breadcrumb"},"inLanguage":"es","potentialAction":[{"@type":"ReadAction","target":["https:\/\/espanole.ch\/bierzapfen\/"]}]},{"@type":"ImageObject","inLanguage":"es","@id":"https:\/\/espanole.ch\/bierzapfen\/#primaryimage","url":"https:\/\/espanole.ch\/wp-content\/uploads\/2024\/04\/Estrella-Bierzapfen.jpg","contentUrl":"https:\/\/espanole.ch\/wp-content\/uploads\/2024\/04\/Estrella-Bierzapfen.jpg"},{"@type":"BreadcrumbList","@id":"https:\/\/espanole.ch\/bierzapfen\/#breadcrumb","itemListElement":[{"@type":"ListItem","position":1,"name":"Startseite","item":"https:\/\/espanole.ch\/"},{"@type":"ListItem","position":2,"name":"Estrella Galicia Experience"}]},{"@type":"WebSite","@id":"https:\/\/espanole.ch\/#website","url":"https:\/\/espanole.ch\/","name":"Espa\u00f1Ol\u00e9","description":"D\u00eda Mundial de la Tapa","publisher":{"@id":"https:\/\/espanole.ch\/#organization"},"potentialAction":[{"@type":"SearchAction","target":{"@type":"EntryPoint","urlTemplate":"https:\/\/espanole.ch\/?s={search_term_string}"},"query-input":{"@type":"PropertyValueSpecification","valueRequired":true,"valueName":"search_term_string"}}],"inLanguage":"es"},{"@type":"Organization","@id":"https:\/\/espanole.ch\/#organization","name":"Espa\u00f1Ol\u00e9","url":"https:\/\/espanole.ch\/","logo":{"@type":"ImageObject","inLanguage":"es","@id":"https:\/\/espanole.ch\/#\/schema\/logo\/image\/","url":"https:\/\/espanole.ch\/wp-content\/uploads\/2026\/04\/EspanOle_Logo-scaled.jpg","contentUrl":"https:\/\/espanole.ch\/wp-content\/uploads\/2026\/04\/EspanOle_Logo-scaled.jpg","width":2560,"height":1810,"caption":"Espa\u00f1Ol\u00e9"},"image":{"@id":"https:\/\/espanole.ch\/#\/schema\/logo\/image\/"},"sameAs":["https:\/\/www.facebook.com\/espanolefestival","https:\/\/www.instagram.com\/espanolefestival\/"]}]}},"_links":{"self":[{"href":"https:\/\/espanole.ch\/es\/wp-json\/wp\/v2\/pages\/899","targetHints":{"allow":["GET"]}}],"collection":[{"href":"https:\/\/espanole.ch\/es\/wp-json\/wp\/v2\/pages"}],"about":[{"href":"https:\/\/espanole.ch\/es\/wp-json\/wp\/v2\/types\/page"}],"author":[{"embeddable":true,"href":"https:\/\/espanole.ch\/es\/wp-json\/wp\/v2\/users\/1"}],"replies":[{"embeddable":true,"href":"https:\/\/espanole.ch\/es\/wp-json\/wp\/v2\/comments?post=899"}],"version-history":[{"count":17,"href":"https:\/\/espanole.ch\/es\/wp-json\/wp\/v2\/pages\/899\/revisions"}],"predecessor-version":[{"id":1986,"href":"https:\/\/espanole.ch\/es\/wp-json\/wp\/v2\/pages\/899\/revisions\/1986"}],"wp:attachment":[{"href":"https:\/\/espanole.ch\/es\/wp-json\/wp\/v2\/media?parent=899"}],"wp:term":[{"taxonomy":"folder","embeddable":true,"href":"https:\/\/espanole.ch\/es\/wp-json\/wp\/v2\/folder?post=899"}],"curies":[{"name":"wp","href":"https:\/\/api.w.org\/{rel}","templated":true}]}}